{"id":716,"date":"2018-08-27T17:55:26","date_gmt":"2018-08-27T15:55:26","guid":{"rendered":"http:\/\/firminy-gym.eu\/?page_id=716"},"modified":"2022-09-01T10:51:55","modified_gmt":"2022-09-01T08:51:55","slug":"reglement-interieur","status":"publish","type":"page","link":"http:\/\/firminy-gym.eu\/index.php\/informations-pratiques\/reglement-interieur\/","title":{"rendered":"R\u00e8glement int\u00e9rieur"},"content":{"rendered":"<p><a href=\"http:\/\/firminy-gym.eu\/wp-content\/uploads\/2022\/08\/REGLEMENT-INTERIEUR-DE-FIRMINY-GYM.pdf\" target=\"_blank\" rel=\"noopener\"><img data-recalc-dims=\"1\" loading=\"lazy\" decoding=\"async\" class=\"wp-image-3307 aligncenter\" src=\"https:\/\/i0.wp.com\/firminy-gym.eu\/wp-content\/uploads\/2022\/09\/Reglement_interieur.png?resize=110%2C83\" alt=\"\" width=\"110\" height=\"83\" srcset=\"https:\/\/i0.wp.com\/firminy-gym.eu\/wp-content\/uploads\/2022\/09\/Reglement_interieur.png?resize=300%2C226 300w, https:\/\/i0.wp.com\/firminy-gym.eu\/wp-content\/uploads\/2022\/09\/Reglement_interieur.png?w=504 504w\" sizes=\"(max-width: 110px) 100vw, 110px\" \/><\/a><br \/>\n<div id=\"attachment_734\" style=\"width: 810px\" class=\"wp-caption aligncenter\"><a href=\"http:\/\/firminy-gym.eu\/wp-content\/uploads\/2022\/08\/REGLEMENT-INTERIEUR-DE-FIRMINY-GYM.pdf\" target=\"_blank\" rel=\"noopener noreferrer\"><img data-recalc-dims=\"1\" loading=\"lazy\" decoding=\"async\" aria-describedby=\"caption-attachment-734\" class=\"wp-image-734 size-full\" title=\"R\u00e8glement int\u00e9rieur de l'association Firminy-Gym (5 pages \u00e0 t\u00e9l\u00e9charger)\" src=\"https:\/\/i0.wp.com\/firminy-gym.eu\/wp-content\/uploads\/2018\/08\/REGLEMENT-INTERIEUR-DE-FIRMINY-GYM.jpg?resize=800%2C554\" alt=\"\" width=\"800\" height=\"554\" srcset=\"https:\/\/i0.wp.com\/firminy-gym.eu\/wp-content\/uploads\/2018\/08\/REGLEMENT-INTERIEUR-DE-FIRMINY-GYM.jpg?w=800 800w, https:\/\/i0.wp.com\/firminy-gym.eu\/wp-content\/uploads\/2018\/08\/REGLEMENT-INTERIEUR-DE-FIRMINY-GYM.jpg?resize=300%2C208 300w, https:\/\/i0.wp.com\/firminy-gym.eu\/wp-content\/uploads\/2018\/08\/REGLEMENT-INTERIEUR-DE-FIRMINY-GYM.jpg?resize=768%2C532 768w, https:\/\/i0.wp.com\/firminy-gym.eu\/wp-content\/uploads\/2018\/08\/REGLEMENT-INTERIEUR-DE-FIRMINY-GYM.jpg?resize=100%2C70 100w\" sizes=\"(max-width: 800px) 100vw, 800px\" \/><\/a><p id=\"caption-attachment-734\" class=\"wp-caption-text\">R\u00e8glement int\u00e9rieur de l&rsquo;association Firminy-Gym (5 pages)<\/p><\/div><\/p>\n","protected":false},"excerpt":{"rendered":"","protected":false},"author":3,"featured_media":0,"parent":21,"menu_order":6,"comment_status":"closed","ping_status":"closed","template":"","meta":{"jetpack_post_was_ever_published":false,"footnotes":""},"categories":[],"tags":[],"class_list":["post-716","page","type-page","status-publish","hentry"],"jetpack_sharing_enabled":true,"jetpack_shortlink":"https:\/\/wp.me\/P9pxLK-by","publishpress_future_action":{"enabled":false,"date":"2026-04-13 10:10:41","action":"change-status","newStatus":"draft","terms":[],"taxonomy":"category"},"_links":{"self":[{"href":"http:\/\/firminy-gym.eu\/index.php\/wp-json\/wp\/v2\/pages\/716"}],"collection":[{"href":"http:\/\/firminy-gym.eu\/index.php\/wp-json\/wp\/v2\/pages"}],"about":[{"href":"http:\/\/firminy-gym.eu\/index.php\/wp-json\/wp\/v2\/types\/page"}],"author":[{"embeddable":true,"href":"http:\/\/firminy-gym.eu\/index.php\/wp-json\/wp\/v2\/users\/3"}],"replies":[{"embeddable":true,"href":"http:\/\/firminy-gym.eu\/index.php\/wp-json\/wp\/v2\/comments?post=716"}],"version-history":[{"count":27,"href":"http:\/\/firminy-gym.eu\/index.php\/wp-json\/wp\/v2\/pages\/716\/revisions"}],"predecessor-version":[{"id":726,"href":"http:\/\/firminy-gym.eu\/index.php\/wp-json\/wp\/v2\/pages\/716\/revisions\/726"}],"up":[{"embeddable":true,"href":"http:\/\/firminy-gym.eu\/index.php\/wp-json\/wp\/v2\/pages\/21"}],"wp:attachment":[{"href":"http:\/\/firminy-gym.eu\/index.php\/wp-json\/wp\/v2\/media?parent=716"}],"wp:term":[{"taxonomy":"category","embeddable":true,"href":"http:\/\/firminy-gym.eu\/index.php\/wp-json\/wp\/v2\/categories?post=716"},{"taxonomy":"post_tag","embeddable":true,"href":"http:\/\/firminy-gym.eu\/index.php\/wp-json\/wp\/v2\/tags?post=716"}],"curies":[{"name":"wp","href":"https:\/\/api.w.org\/{rel}","templated":true}]}}