{"id":3893,"date":"2024-07-01T11:44:07","date_gmt":"2024-07-01T09:44:07","guid":{"rendered":"http:\/\/firminy-gym.eu\/?page_id=3893"},"modified":"2025-08-25T13:37:22","modified_gmt":"2025-08-25T11:37:22","slug":"contact-2","status":"publish","type":"page","link":"http:\/\/firminy-gym.eu\/index.php\/contact-2\/","title":{"rendered":"Contact"},"content":{"rendered":"<blockquote>\n<h4 style=\"text-align: center;\"><span style=\"color: #993300;\"><strong><img data-recalc-dims=\"1\" loading=\"lazy\" decoding=\"async\" class=\"alignnone\" src=\"https:\/\/i0.wp.com\/www.fo-saint-etienne.fr\/infos\/public\/Divers\/mail24.gif?resize=45%2C52\" width=\"45\" height=\"52\" \/><\/strong><\/span><\/h4>\n<h6 style=\"text-align: center;\"><strong>N&rsquo;h\u00e9sitez pas \u00e0 nous contacter !<br \/>\nRemplissez le formulaire ci-dessous et un email nous sera<br \/>\nautomatiquement envoy\u00e9.<\/strong><\/h6>\n\n<div class=\"wpcf7 no-js\" id=\"wpcf7-f3891-o1\" lang=\"fr-FR\" dir=\"ltr\">\n<div class=\"screen-reader-response\"><p role=\"status\" aria-live=\"polite\" aria-atomic=\"true\"><\/p> <ul><\/ul><\/div>\n<form action=\"\/index.php\/wp-json\/wp\/v2\/pages\/3893#wpcf7-f3891-o1\" method=\"post\" class=\"wpcf7-form init\" aria-label=\"Formulaire de contact\" novalidate=\"novalidate\" data-status=\"init\">\n<div style=\"display: none;\">\n<input type=\"hidden\" name=\"_wpcf7\" value=\"3891\" \/>\n<input type=\"hidden\" name=\"_wpcf7_version\" value=\"5.7.7\" \/>\n<input type=\"hidden\" name=\"_wpcf7_locale\" value=\"fr_FR\" \/>\n<input type=\"hidden\" name=\"_wpcf7_unit_tag\" value=\"wpcf7-f3891-o1\" \/>\n<input type=\"hidden\" name=\"_wpcf7_container_post\" value=\"0\" \/>\n<input type=\"hidden\" name=\"_wpcf7_posted_data_hash\" value=\"\" \/>\n<input type=\"hidden\" name=\"_wpcf7_recaptcha_response\" value=\"\" \/>\n<\/div>\n<p><label> Votre nom (obligatoire)<br \/>\n<span class=\"wpcf7-form-control-wrap\" data-name=\"your-name\"><input size=\"40\" class=\"wpcf7-form-control wpcf7-text wpcf7-validates-as-required\" aria-required=\"true\" aria-invalid=\"false\" value=\"\" type=\"text\" name=\"your-name\" \/><\/span> <\/label>\n<\/p>\n<p><label> Votre adresse de messagerie (obligatoire)<br \/>\n<span class=\"wpcf7-form-control-wrap\" data-name=\"your-email\"><input size=\"40\" class=\"wpcf7-form-control wpcf7-text wpcf7-email wpcf7-validates-as-required wpcf7-validates-as-email\" aria-required=\"true\" aria-invalid=\"false\" value=\"\" type=\"email\" name=\"your-email\" \/><\/span> <\/label>\n<\/p>\n<p><label> Objet<br \/>\n<span class=\"wpcf7-form-control-wrap\" data-name=\"menu-855\"><select class=\"wpcf7-form-control wpcf7-select wpcf7-validates-as-required\" aria-required=\"true\" aria-invalid=\"false\" name=\"menu-855\"><option value=\"Autre\">Autre<\/option><option value=\"Demande de renseignement groupe comp\u00e9tition\">Demande de renseignement groupe comp\u00e9tition<\/option><option value=\"Demande de renseignement groupe loisir\">Demande de renseignement groupe loisir<\/option><\/select><\/span><\/label>\n<\/p>\n<p><label> Votre message<br \/>\n<span class=\"wpcf7-form-control-wrap\" data-name=\"your-message\"><textarea cols=\"40\" rows=\"10\" class=\"wpcf7-form-control wpcf7-textarea\" aria-invalid=\"false\" name=\"your-message\"><\/textarea><\/span> <\/label>\n<\/p>\n\n<p><input class=\"wpcf7-form-control has-spinner wpcf7-submit\" type=\"submit\" value=\"Envoyer\" \/>\n<\/p><p style=\"display: none !important;\" class=\"akismet-fields-container\" data-prefix=\"_wpcf7_ak_\"><label>&#916;<textarea name=\"_wpcf7_ak_hp_textarea\" cols=\"45\" rows=\"8\" maxlength=\"100\"><\/textarea><\/label><input type=\"hidden\" id=\"ak_js_1\" name=\"_wpcf7_ak_js\" value=\"86\"\/><script>document.getElementById( \"ak_js_1\" ).setAttribute( \"value\", ( new Date() ).getTime() );<\/script><\/p><div class=\"wpcf7-response-output\" aria-hidden=\"true\"><\/div>\n<\/form>\n<\/div>\n<\/blockquote>\n<hr \/>\n<blockquote>\n<h6><strong><b><u><span style=\"color: #008000;\">Si\u00e8ge social :<\/span><\/u><\/b><\/strong><\/h6>\n<h6><strong><span style=\"color: #993300;\">chez M. Billon, chemin des Quatre Vents, 42700 Firminy<br \/>\n<\/span><\/strong><\/h6>\n<h6><strong><span style=\"color: #993300;\"> Association affili\u00e9e \u00e0 la F\u00e9d\u00e9ration Fran\u00e7aise de Gymnastique<\/span><\/strong><\/h6>\n<p>&nbsp;<\/p><\/blockquote>\n<hr \/>\n<blockquote><p><a href=\"http:\/\/firminy-gym.eu\/index.php\/informations-pratiques\/les-sites-dentrainement\/\"><strong><span style=\"color: #008000;\"><u>Site d&rsquo;entra\u00eenement :<\/u> <\/span><\/strong><\/a><br \/>\n<a href=\"https:\/\/www.google.fr\/maps\/place\/Gymnase+Municipal\/@45.3818185,4.2878766,19z\/data=!4m6!3m5!1s0x47f5b01169c1e343:0xfe2d8a8ca233de83!8m2!3d45.3821023!4d4.2878578!16s%2Fg%2F11b6glbn_d?entry=ttu\" target=\"_blank\" rel=\"noopener\"><em><strong>gymnase de Firminy vert GM5<\/strong><\/em><\/a> <em>(proche de la piscine)<\/em><br \/>\n<em>3, rue des noyers<\/em><br \/>\n<em>42700 FIRMINY<\/em><\/p><\/blockquote>\n<hr \/>\n<blockquote><p><span style=\"color: #000080;\"><u><br \/>\nCo-pr\u00e9sidents :<\/u> <\/span>\u00a0Madame VINCENT Elise &#8211; Monsieur DUBARD Richard<br \/>\n<span style=\"color: #000080;\"><u>Tr\u00e9sori\u00e8re<\/u> :<\/span>\u00a0 Mme GIRINON Ga\u00eblle<br \/>\n<span style=\"color: #000080;\"><u>Secr\u00e9taire<\/u> :<\/span> Madame Girin Nelly<br \/>\n<span style=\"color: #993366;\"><strong><br \/>\nPermanence :<\/strong> Tous les mercredis de 16h30 \u00e0 18h<br \/>\n<\/span><\/p><\/blockquote>\n<hr \/>\n<blockquote><p><a href=\"https:\/\/wp.me\/P9pxLK-iD\"><strong><span style=\"color: #008000;\"><u>Disciplines :<\/u> <\/span><\/strong><\/a><br \/>\n<span style=\"color: #000080;\">\u2022 Gymnastique artistique masculine\u00a0 <\/span><br \/>\n<span style=\"color: #000080;\"> \u2022 Gymnastique artistique f\u00e9minine\u00a0 <\/span><br \/>\n<span style=\"color: #000080;\"> \u2022 Baby-Gym<\/span><br \/>\n<span style=\"color: #000080;\"> \u2022 Gym Adultes<\/span><\/p><\/blockquote>\n<hr \/>\n","protected":false},"excerpt":{"rendered":"<p>N&rsquo;h\u00e9sitez pas \u00e0 nous contacter ! Remplissez le formulaire ci-dessous et un email nous sera automatiquement envoy\u00e9. Si\u00e8ge social : chez M. Billon, chemin des [&#8230;]<\/p>\n","protected":false},"author":3,"featured_media":0,"parent":0,"menu_order":7,"comment_status":"closed","ping_status":"closed","template":"","meta":{"jetpack_post_was_ever_published":true,"footnotes":""},"categories":[],"tags":[],"class_list":["post-3893","page","type-page","status-publish","hentry"],"jetpack_sharing_enabled":true,"jetpack_shortlink":"https:\/\/wp.me\/P9pxLK-10N","publishpress_future_action":{"enabled":false,"date":"2026-05-21 11:09:29","action":"change-status","newStatus":"draft","terms":[],"taxonomy":"category"},"_links":{"self":[{"href":"http:\/\/firminy-gym.eu\/index.php\/wp-json\/wp\/v2\/pages\/3893"}],"collection":[{"href":"http:\/\/firminy-gym.eu\/index.php\/wp-json\/wp\/v2\/pages"}],"about":[{"href":"http:\/\/firminy-gym.eu\/index.php\/wp-json\/wp\/v2\/types\/page"}],"author":[{"embeddable":true,"href":"http:\/\/firminy-gym.eu\/index.php\/wp-json\/wp\/v2\/users\/3"}],"replies":[{"embeddable":true,"href":"http:\/\/firminy-gym.eu\/index.php\/wp-json\/wp\/v2\/comments?post=3893"}],"version-history":[{"count":10,"href":"http:\/\/firminy-gym.eu\/index.php\/wp-json\/wp\/v2\/pages\/3893\/revisions"}],"predecessor-version":[{"id":3997,"href":"http:\/\/firminy-gym.eu\/index.php\/wp-json\/wp\/v2\/pages\/3893\/revisions\/3997"}],"wp:attachment":[{"href":"http:\/\/firminy-gym.eu\/index.php\/wp-json\/wp\/v2\/media?parent=3893"}],"wp:term":[{"taxonomy":"category","embeddable":true,"href":"http:\/\/firminy-gym.eu\/index.php\/wp-json\/wp\/v2\/categories?post=3893"},{"taxonomy":"post_tag","embeddable":true,"href":"http:\/\/firminy-gym.eu\/index.php\/wp-json\/wp\/v2\/tags?post=3893"}],"curies":[{"name":"wp","href":"https:\/\/api.w.org\/{rel}","templated":true}]}}