{"id":373,"date":"2017-12-03T10:33:19","date_gmt":"2017-12-03T09:33:19","guid":{"rendered":"http:\/\/firminy-gym.eu\/?page_id=373"},"modified":"2021-03-04T18:07:53","modified_gmt":"2021-03-04T17:07:53","slug":"2e-challenge-marie-therese-pelissier-22-01-2017","status":"publish","type":"page","link":"http:\/\/firminy-gym.eu\/index.php\/mediatheque\/saison-2016-2017\/2e-challenge-marie-therese-pelissier-22-01-2017\/","title":{"rendered":"2e Challenge Marie-Th\u00e9r\u00e8se P\u00e9lissier (22\/01\/2017)"},"content":{"rendered":"<p><a href=\"http:\/\/firminy-gym.eu\/wp-content\/uploads\/2017\/12\/PDF-Page-18-edition-de-l-ondaine-20170124.pdf\" target=\"_blank\" rel=\"noopener\"><img data-recalc-dims=\"1\" loading=\"lazy\" decoding=\"async\" class=\" wp-image-434 aligncenter\" src=\"https:\/\/i0.wp.com\/firminy-gym.eu\/wp-content\/uploads\/2017\/12\/challenge_mtp_2017.jpg?resize=253%2C372\" alt=\"\" width=\"253\" height=\"372\" srcset=\"https:\/\/i0.wp.com\/firminy-gym.eu\/wp-content\/uploads\/2017\/12\/challenge_mtp_2017.jpg?resize=204%2C300 204w, https:\/\/i0.wp.com\/firminy-gym.eu\/wp-content\/uploads\/2017\/12\/challenge_mtp_2017.jpg?w=212 212w\" sizes=\"(max-width: 253px) 100vw, 253px\" \/><\/a><\/p>\n<p class=\"jetpack-slideshow-noscript robots-nocontent\">Ce diaporama n\u00e9cessite JavaScript.<\/p><div id=\"gallery-373-1-slideshow\" class=\"jetpack-slideshow-window jetpack-slideshow jetpack-slideshow-black\" data-trans=\"fade\" data-autostart=\"1\" data-gallery=\"[{&quot;src&quot;:&quot;https:\\\/\\\/i0.wp.com\\\/firminy-gym.eu\\\/wp-content\\\/uploads\\\/2017\\\/12\\\/DSC07876-1.jpg?fit=3456%2C2592&quot;,&quot;id&quot;:&quot;425&quot;,&quot;title&quot;:&quot;DSC07876&quot;,&quot;alt&quot;:&quot;&quot;,&quot;caption&quot;:&quot;&quot;,&quot;itemprop&quot;:&quot;image&quot;},{&quot;src&quot;:&quot;https:\\\/\\\/i0.wp.com\\\/firminy-gym.eu\\\/wp-content\\\/uploads\\\/2017\\\/12\\\/DSC07882-1.jpg?fit=3456%2C2592&quot;,&quot;id&quot;:&quot;426&quot;,&quot;title&quot;:&quot;DSC07882&quot;,&quot;alt&quot;:&quot;&quot;,&quot;caption&quot;:&quot;&quot;,&quot;itemprop&quot;:&quot;image&quot;},{&quot;src&quot;:&quot;https:\\\/\\\/i0.wp.com\\\/firminy-gym.eu\\\/wp-content\\\/uploads\\\/2017\\\/12\\\/DSC07889-1.jpg?fit=3456%2C2592&quot;,&quot;id&quot;:&quot;427&quot;,&quot;title&quot;:&quot;DSC07889&quot;,&quot;alt&quot;:&quot;&quot;,&quot;caption&quot;:&quot;&quot;,&quot;itemprop&quot;:&quot;image&quot;},{&quot;src&quot;:&quot;https:\\\/\\\/i0.wp.com\\\/firminy-gym.eu\\\/wp-content\\\/uploads\\\/2017\\\/12\\\/DSC07886-1.jpg?fit=3456%2C2592&quot;,&quot;id&quot;:&quot;428&quot;,&quot;title&quot;:&quot;DSC07886&quot;,&quot;alt&quot;:&quot;&quot;,&quot;caption&quot;:&quot;&quot;,&quot;itemprop&quot;:&quot;image&quot;}]\" itemscope itemtype=\"https:\/\/schema.org\/ImageGallery\"><\/div>\n","protected":false},"excerpt":{"rendered":"","protected":false},"author":3,"featured_media":0,"parent":371,"menu_order":0,"comment_status":"closed","ping_status":"closed","template":"","meta":{"jetpack_post_was_ever_published":false,"footnotes":""},"categories":[],"tags":[],"class_list":["post-373","page","type-page","status-publish","hentry"],"jetpack_sharing_enabled":true,"jetpack_shortlink":"https:\/\/wp.me\/P9pxLK-61","publishpress_future_action":{"enabled":false,"date":"2026-05-21 11:15:46","action":"change-status","newStatus":"draft","terms":[],"taxonomy":"category"},"_links":{"self":[{"href":"http:\/\/firminy-gym.eu\/index.php\/wp-json\/wp\/v2\/pages\/373"}],"collection":[{"href":"http:\/\/firminy-gym.eu\/index.php\/wp-json\/wp\/v2\/pages"}],"about":[{"href":"http:\/\/firminy-gym.eu\/index.php\/wp-json\/wp\/v2\/types\/page"}],"author":[{"embeddable":true,"href":"http:\/\/firminy-gym.eu\/index.php\/wp-json\/wp\/v2\/users\/3"}],"replies":[{"embeddable":true,"href":"http:\/\/firminy-gym.eu\/index.php\/wp-json\/wp\/v2\/comments?post=373"}],"version-history":[{"count":10,"href":"http:\/\/firminy-gym.eu\/index.php\/wp-json\/wp\/v2\/pages\/373\/revisions"}],"predecessor-version":[{"id":438,"href":"http:\/\/firminy-gym.eu\/index.php\/wp-json\/wp\/v2\/pages\/373\/revisions\/438"}],"up":[{"embeddable":true,"href":"http:\/\/firminy-gym.eu\/index.php\/wp-json\/wp\/v2\/pages\/371"}],"wp:attachment":[{"href":"http:\/\/firminy-gym.eu\/index.php\/wp-json\/wp\/v2\/media?parent=373"}],"wp:term":[{"taxonomy":"category","embeddable":true,"href":"http:\/\/firminy-gym.eu\/index.php\/wp-json\/wp\/v2\/categories?post=373"},{"taxonomy":"post_tag","embeddable":true,"href":"http:\/\/firminy-gym.eu\/index.php\/wp-json\/wp\/v2\/tags?post=373"}],"curies":[{"name":"wp","href":"https:\/\/api.w.org\/{rel}","templated":true}]}}