{"id":3344,"date":"2023-01-06T08:34:55","date_gmt":"2023-01-06T07:34:55","guid":{"rendered":"http:\/\/firminy-gym.eu\/?page_id=3344"},"modified":"2024-08-22T15:11:07","modified_gmt":"2024-08-22T13:11:07","slug":"nouveaute-2023","status":"publish","type":"page","link":"http:\/\/firminy-gym.eu\/index.php\/nouveaute-2023\/","title":{"rendered":"\u203c\u00a0Nouveaut\u00e9 2023\u00a0\u203c"},"content":{"rendered":"<div id=\":103\" class=\"ii gt\">\n<div id=\":102\" class=\"a3s aiL \">\n<div>\n<h2 style=\"text-align: center;\"><em><strong><span style=\"color: #993300;\">\u00c7a y est elle est pr\u00eate !!!<\/span><\/strong><\/em><\/h2>\n<h4 style=\"text-align: center;\"><strong><span style=\"color: #800080;\">&#8211;&gt; Cr\u00e9ation de notre boutique Club en ligne en partenariat avec D\u00e9cathlon !<\/span><\/strong><\/h4>\n<h4><strong>Plusieurs produits sont propos\u00e9s (t-shirt, sac de sport, surv\u00eatements, shorts, gourdes, serviettes&#8230;. etc..) avec le logo de Firminy-Gym. R\u00e9ception de votre commande directement chez vous.<\/strong><\/h4>\n<h4 style=\"text-align: center;\"><strong>N&rsquo;h\u00e9sitez pas \u00e0 aller faire un tour sur le site !<\/strong><\/h4>\n<h4 style=\"text-align: center;\"><strong>Voici le lien pour y acc\u00e9der : <\/strong><a href=\"https:\/\/app.grinta.eu\/firminy-gym\" target=\"_blank\" rel=\"noopener\">https:\/\/app.grinta.eu\/firminy-gym<\/a><\/h4>\n<\/div>\n<\/div>\n<\/div>\n<div id=\":10x\" class=\"hq gt\"><a href=\"https:\/\/vestiaire-officiel.com\/shop\/gym-firminy?fbclid=IwAR12HCxQYsOcnKvfVasFlTsTElzEFxDoL0LuafO-Q_CK_lx_McgOMcQKuSg\" target=\"_blank\" rel=\"noopener\"><img data-recalc-dims=\"1\" loading=\"lazy\" decoding=\"async\" class=\"aligncenter wp-image-3345 size-medium\" src=\"https:\/\/i0.wp.com\/firminy-gym.eu\/wp-content\/uploads\/2023\/01\/boutique_firminy-gym.jpg?resize=300%2C300\" alt=\"\" width=\"300\" height=\"300\" srcset=\"https:\/\/i0.wp.com\/firminy-gym.eu\/wp-content\/uploads\/2023\/01\/boutique_firminy-gym-scaled.jpg?resize=300%2C300 300w, https:\/\/i0.wp.com\/firminy-gym.eu\/wp-content\/uploads\/2023\/01\/boutique_firminy-gym-scaled.jpg?resize=1024%2C1024 1024w, https:\/\/i0.wp.com\/firminy-gym.eu\/wp-content\/uploads\/2023\/01\/boutique_firminy-gym-scaled.jpg?resize=150%2C150 150w, https:\/\/i0.wp.com\/firminy-gym.eu\/wp-content\/uploads\/2023\/01\/boutique_firminy-gym-scaled.jpg?resize=768%2C768 768w, https:\/\/i0.wp.com\/firminy-gym.eu\/wp-content\/uploads\/2023\/01\/boutique_firminy-gym-scaled.jpg?resize=1536%2C1536 1536w, https:\/\/i0.wp.com\/firminy-gym.eu\/wp-content\/uploads\/2023\/01\/boutique_firminy-gym-scaled.jpg?resize=2048%2C2048 2048w, https:\/\/i0.wp.com\/firminy-gym.eu\/wp-content\/uploads\/2023\/01\/boutique_firminy-gym-scaled.jpg?w=1720 1720w\" sizes=\"(max-width: 300px) 100vw, 300px\" \/><\/a><\/div>\n","protected":false},"excerpt":{"rendered":"<p>\u00c7a y est elle est pr\u00eate !!! &#8211;&gt; Cr\u00e9ation de notre boutique Club en ligne en partenariat avec D\u00e9cathlon ! Plusieurs produits sont propos\u00e9s (t-shirt, [&#8230;]<\/p>\n","protected":false},"author":3,"featured_media":0,"parent":0,"menu_order":0,"comment_status":"closed","ping_status":"closed","template":"","meta":{"jetpack_post_was_ever_published":false,"footnotes":""},"categories":[],"tags":[],"class_list":["post-3344","page","type-page","status-publish","hentry"],"jetpack_sharing_enabled":true,"jetpack_shortlink":"https:\/\/wp.me\/P9pxLK-RW","publishpress_future_action":{"enabled":false,"date":"2026-04-13 22:01:42","action":"change-status","newStatus":"draft","terms":[],"taxonomy":"category"},"_links":{"self":[{"href":"http:\/\/firminy-gym.eu\/index.php\/wp-json\/wp\/v2\/pages\/3344"}],"collection":[{"href":"http:\/\/firminy-gym.eu\/index.php\/wp-json\/wp\/v2\/pages"}],"about":[{"href":"http:\/\/firminy-gym.eu\/index.php\/wp-json\/wp\/v2\/types\/page"}],"author":[{"embeddable":true,"href":"http:\/\/firminy-gym.eu\/index.php\/wp-json\/wp\/v2\/users\/3"}],"replies":[{"embeddable":true,"href":"http:\/\/firminy-gym.eu\/index.php\/wp-json\/wp\/v2\/comments?post=3344"}],"version-history":[{"count":6,"href":"http:\/\/firminy-gym.eu\/index.php\/wp-json\/wp\/v2\/pages\/3344\/revisions"}],"predecessor-version":[{"id":3935,"href":"http:\/\/firminy-gym.eu\/index.php\/wp-json\/wp\/v2\/pages\/3344\/revisions\/3935"}],"wp:attachment":[{"href":"http:\/\/firminy-gym.eu\/index.php\/wp-json\/wp\/v2\/media?parent=3344"}],"wp:term":[{"taxonomy":"category","embeddable":true,"href":"http:\/\/firminy-gym.eu\/index.php\/wp-json\/wp\/v2\/categories?post=3344"},{"taxonomy":"post_tag","embeddable":true,"href":"http:\/\/firminy-gym.eu\/index.php\/wp-json\/wp\/v2\/tags?post=3344"}],"curies":[{"name":"wp","href":"https:\/\/api.w.org\/{rel}","templated":true}]}}