{"id":3113,"date":"2021-12-16T09:46:35","date_gmt":"2021-12-16T08:46:35","guid":{"rendered":"http:\/\/firminy-gym.eu\/?page_id=3113"},"modified":"2021-12-16T10:32:00","modified_gmt":"2021-12-16T09:32:00","slug":"2021-cest-la-derniere-seance","status":"publish","type":"page","link":"http:\/\/firminy-gym.eu\/index.php\/2021-cest-la-derniere-seance\/","title":{"rendered":"2021 &#8211; C&rsquo;est la derni\u00e8re s\u00e9ance &#8230;."},"content":{"rendered":"<h3 style=\"text-align: center;\"><span style=\"color: #993366;\"><strong>Derni\u00e8re s\u00e9ance de Gym de cette ann\u00e9e 2021 pour les groupes loisirs<br \/>\n<\/strong><\/span><img data-recalc-dims=\"1\" loading=\"lazy\" decoding=\"async\" class=\"size-full wp-image-3124 alignleft\" src=\"https:\/\/i0.wp.com\/firminy-gym.eu\/wp-content\/uploads\/2021\/12\/52176.gif?resize=100%2C100\" alt=\"\" width=\"100\" height=\"100\" \/><img data-recalc-dims=\"1\" loading=\"lazy\" decoding=\"async\" class=\"size-full wp-image-3124 alignright\" src=\"https:\/\/i0.wp.com\/firminy-gym.eu\/wp-content\/uploads\/2021\/12\/52176.gif?resize=100%2C100\" alt=\"\" width=\"100\" height=\"100\" \/><\/h3>\n<h3 style=\"text-align: center;\"><\/h3>\n<h3 style=\"text-align: center;\"><\/h3>\n<h3 style=\"text-align: center;\"><span style=\"color: #993366;\"><strong><a href=\"https:\/\/i0.wp.com\/firminy-gym.eu\/wp-content\/uploads\/2021\/12\/image_14972956_20211215_204158.jpg\" target=\"_blank\" rel=\"noopener\"><img data-recalc-dims=\"1\" loading=\"lazy\" decoding=\"async\" class=\"alignnone wp-image-3114 size-full\" src=\"https:\/\/i0.wp.com\/firminy-gym.eu\/wp-content\/uploads\/2021\/12\/image_14972956_20211215_204158.jpg?resize=640%2C480\" alt=\"\" width=\"640\" height=\"480\" srcset=\"https:\/\/i0.wp.com\/firminy-gym.eu\/wp-content\/uploads\/2021\/12\/image_14972956_20211215_204158.jpg?w=640 640w, https:\/\/i0.wp.com\/firminy-gym.eu\/wp-content\/uploads\/2021\/12\/image_14972956_20211215_204158.jpg?resize=300%2C225 300w\" sizes=\"(max-width: 640px) 100vw, 640px\" \/><\/a><\/strong><\/span><\/h3>\n<h3 style=\"text-align: center;\"><a href=\"https:\/\/i0.wp.com\/firminy-gym.eu\/wp-content\/uploads\/2021\/12\/image_14972956_20211215_204157.jpg\" target=\"_blank\" rel=\"noopener\"><img data-recalc-dims=\"1\" loading=\"lazy\" decoding=\"async\" class=\"aligncenter wp-image-3115 size-full\" src=\"https:\/\/i0.wp.com\/firminy-gym.eu\/wp-content\/uploads\/2021\/12\/image_14972956_20211215_204157.jpg?resize=640%2C480\" alt=\"\" width=\"640\" height=\"480\" srcset=\"https:\/\/i0.wp.com\/firminy-gym.eu\/wp-content\/uploads\/2021\/12\/image_14972956_20211215_204157.jpg?w=640 640w, https:\/\/i0.wp.com\/firminy-gym.eu\/wp-content\/uploads\/2021\/12\/image_14972956_20211215_204157.jpg?resize=300%2C225 300w\" sizes=\"(max-width: 640px) 100vw, 640px\" \/><\/a><img data-recalc-dims=\"1\" loading=\"lazy\" decoding=\"async\" class=\"alignnone size-medium wp-image-3128\" src=\"https:\/\/i0.wp.com\/firminy-gym.eu\/wp-content\/uploads\/2021\/12\/santa-claus-30.gif?resize=300%2C300\" alt=\"\" width=\"300\" height=\"300\" srcset=\"https:\/\/i0.wp.com\/firminy-gym.eu\/wp-content\/uploads\/2021\/12\/santa-claus-30.gif?resize=300%2C300 300w, https:\/\/i0.wp.com\/firminy-gym.eu\/wp-content\/uploads\/2021\/12\/santa-claus-30.gif?resize=150%2C150 150w\" sizes=\"(max-width: 300px) 100vw, 300px\" \/><\/h3>\n","protected":false},"excerpt":{"rendered":"<p>Derni\u00e8re s\u00e9ance de Gym de cette ann\u00e9e 2021 pour les groupes loisirs<\/p>\n","protected":false},"author":3,"featured_media":0,"parent":0,"menu_order":0,"comment_status":"closed","ping_status":"closed","template":"","meta":{"jetpack_post_was_ever_published":false,"footnotes":""},"categories":[],"tags":[],"class_list":["post-3113","page","type-page","status-publish","hentry"],"jetpack_sharing_enabled":true,"jetpack_shortlink":"https:\/\/wp.me\/P9pxLK-Od","publishpress_future_action":{"enabled":false,"date":"2026-05-21 11:11:26","action":"change-status","newStatus":"draft","terms":[],"taxonomy":"category"},"_links":{"self":[{"href":"http:\/\/firminy-gym.eu\/index.php\/wp-json\/wp\/v2\/pages\/3113"}],"collection":[{"href":"http:\/\/firminy-gym.eu\/index.php\/wp-json\/wp\/v2\/pages"}],"about":[{"href":"http:\/\/firminy-gym.eu\/index.php\/wp-json\/wp\/v2\/types\/page"}],"author":[{"embeddable":true,"href":"http:\/\/firminy-gym.eu\/index.php\/wp-json\/wp\/v2\/users\/3"}],"replies":[{"embeddable":true,"href":"http:\/\/firminy-gym.eu\/index.php\/wp-json\/wp\/v2\/comments?post=3113"}],"version-history":[{"count":9,"href":"http:\/\/firminy-gym.eu\/index.php\/wp-json\/wp\/v2\/pages\/3113\/revisions"}],"predecessor-version":[{"id":3130,"href":"http:\/\/firminy-gym.eu\/index.php\/wp-json\/wp\/v2\/pages\/3113\/revisions\/3130"}],"wp:attachment":[{"href":"http:\/\/firminy-gym.eu\/index.php\/wp-json\/wp\/v2\/media?parent=3113"}],"wp:term":[{"taxonomy":"category","embeddable":true,"href":"http:\/\/firminy-gym.eu\/index.php\/wp-json\/wp\/v2\/categories?post=3113"},{"taxonomy":"post_tag","embeddable":true,"href":"http:\/\/firminy-gym.eu\/index.php\/wp-json\/wp\/v2\/tags?post=3113"}],"curies":[{"name":"wp","href":"https:\/\/api.w.org\/{rel}","templated":true}]}}