{"id":2946,"date":"2021-07-06T18:27:24","date_gmt":"2021-07-06T16:27:24","guid":{"rendered":"http:\/\/firminy-gym.eu\/?page_id=2946"},"modified":"2021-09-01T13:47:12","modified_gmt":"2021-09-01T11:47:12","slug":"infos-pour-la-rentree-sportive","status":"publish","type":"page","link":"http:\/\/firminy-gym.eu\/index.php\/infos-pour-la-rentree-sportive\/","title":{"rendered":"Infos pour la rentr\u00e9e sportive\u26a0\ufe0f"},"content":{"rendered":"<h4><span style=\"color: #993366;\"><em><strong>Des aides sont possibles via des bons de 25 euros pour les nouveaux licenci\u00e9s souhaitant d\u00e9couvrir la gymnastique en septembre !<\/strong><\/em><\/span><\/h4>\n<h4><span style=\"color: #993366;\"><em><strong>L&rsquo;\u00e9tat propose \u00e9galement le PASS SPORT pour les enfants de 6 \u00e0 16 ans b\u00e9n\u00e9ficiant de l&rsquo;allocation de rentr\u00e9e scolaire !<\/strong><\/em><\/span><\/h4>\n<h4><span style=\"color: #993366;\"><em><strong>Bonnes vacances \u00e0 tous en attendant de vous revoir la saison prochaine !!<\/strong><\/em><\/span><\/h4>\n<h4 data-wp-editing=\"1\"><span style=\"color: #993366;\"><em><strong>Le bureau<\/strong> <\/em><\/span><br \/>\n<a href=\"https:\/\/i0.wp.com\/firminy-gym.eu\/wp-content\/uploads\/2021\/07\/aide_licence.jpg\" target=\"_blank\" rel=\"noopener\"><img data-recalc-dims=\"1\" loading=\"lazy\" decoding=\"async\" class=\"aligncenter wp-image-2947\" src=\"https:\/\/i0.wp.com\/firminy-gym.eu\/wp-content\/uploads\/2021\/07\/aide_licence.jpg?resize=432%2C600\" alt=\"\" width=\"432\" height=\"600\" srcset=\"https:\/\/i0.wp.com\/firminy-gym.eu\/wp-content\/uploads\/2021\/07\/aide_licence.jpg?resize=216%2C300 216w, https:\/\/i0.wp.com\/firminy-gym.eu\/wp-content\/uploads\/2021\/07\/aide_licence.jpg?resize=738%2C1024 738w, https:\/\/i0.wp.com\/firminy-gym.eu\/wp-content\/uploads\/2021\/07\/aide_licence.jpg?resize=768%2C1066 768w, https:\/\/i0.wp.com\/firminy-gym.eu\/wp-content\/uploads\/2021\/07\/aide_licence.jpg?w=1080 1080w\" sizes=\"(max-width: 432px) 100vw, 432px\" \/><\/a><\/h4>\n","protected":false},"excerpt":{"rendered":"<p>Des aides sont possibles via des bons de 25 euros pour les nouveaux licenci\u00e9s souhaitant d\u00e9couvrir la gymnastique en septembre ! L&rsquo;\u00e9tat propose \u00e9galement le [&#8230;]<\/p>\n","protected":false},"author":3,"featured_media":0,"parent":0,"menu_order":0,"comment_status":"closed","ping_status":"closed","template":"","meta":{"jetpack_post_was_ever_published":false,"footnotes":""},"categories":[],"tags":[],"class_list":["post-2946","page","type-page","status-publish","hentry"],"jetpack_sharing_enabled":true,"jetpack_shortlink":"https:\/\/wp.me\/P9pxLK-Lw","publishpress_future_action":{"enabled":false,"date":"2026-04-12 12:52:20","action":"change-status","newStatus":"draft","terms":[],"taxonomy":"category"},"_links":{"self":[{"href":"http:\/\/firminy-gym.eu\/index.php\/wp-json\/wp\/v2\/pages\/2946"}],"collection":[{"href":"http:\/\/firminy-gym.eu\/index.php\/wp-json\/wp\/v2\/pages"}],"about":[{"href":"http:\/\/firminy-gym.eu\/index.php\/wp-json\/wp\/v2\/types\/page"}],"author":[{"embeddable":true,"href":"http:\/\/firminy-gym.eu\/index.php\/wp-json\/wp\/v2\/users\/3"}],"replies":[{"embeddable":true,"href":"http:\/\/firminy-gym.eu\/index.php\/wp-json\/wp\/v2\/comments?post=2946"}],"version-history":[{"count":6,"href":"http:\/\/firminy-gym.eu\/index.php\/wp-json\/wp\/v2\/pages\/2946\/revisions"}],"predecessor-version":[{"id":3052,"href":"http:\/\/firminy-gym.eu\/index.php\/wp-json\/wp\/v2\/pages\/2946\/revisions\/3052"}],"wp:attachment":[{"href":"http:\/\/firminy-gym.eu\/index.php\/wp-json\/wp\/v2\/media?parent=2946"}],"wp:term":[{"taxonomy":"category","embeddable":true,"href":"http:\/\/firminy-gym.eu\/index.php\/wp-json\/wp\/v2\/categories?post=2946"},{"taxonomy":"post_tag","embeddable":true,"href":"http:\/\/firminy-gym.eu\/index.php\/wp-json\/wp\/v2\/tags?post=2946"}],"curies":[{"name":"wp","href":"https:\/\/api.w.org\/{rel}","templated":true}]}}