{"id":2885,"date":"2021-06-17T17:32:21","date_gmt":"2021-06-17T15:32:21","guid":{"rendered":"http:\/\/firminy-gym.eu\/?page_id=2885"},"modified":"2021-06-17T19:28:24","modified_gmt":"2021-06-17T17:28:24","slug":"minibus-de-firminy-gym","status":"publish","type":"page","link":"http:\/\/firminy-gym.eu\/index.php\/minibus-de-firminy-gym\/","title":{"rendered":"Minibus de Firminy Gym"},"content":{"rendered":"<h4><strong><span style=\"color: #800080;\">La R\u00e9gion Auvergne Rh\u00f4ne Alpes a mis en place un nouveau dispositif r\u00e9gional \u00ab\u00a0op\u00e9ration, 300 minibus\u00a0\u00bb au profit des clubs sportifs .<\/span><\/strong><\/h4>\n<h4><strong><span style=\"color: #800080;\">Nous avons fait la demande de subvention et nous avons eu la joie d&rsquo;apprendre qu&rsquo; un minibus neuf\u00a0 a \u00e9t\u00e9 attribu\u00e9 \u00e0 Firminy Gym, \u00e0 titre gratuit.<\/span><\/strong><\/h4>\n<h4><strong><span style=\"color: #800080;\">Il s&rsquo;agit d&rsquo;un Peugeot expert 9 places.<\/span><\/strong><\/h4>\n<p><strong><a href=\"https:\/\/i0.wp.com\/firminy-gym.eu\/wp-content\/uploads\/2021\/06\/Firminy_Gym_Minibus.jpg\" target=\"_blank\" rel=\"noopener\"><img data-recalc-dims=\"1\" loading=\"lazy\" decoding=\"async\" class=\"aligncenter wp-image-2886\" src=\"https:\/\/i0.wp.com\/firminy-gym.eu\/wp-content\/uploads\/2021\/06\/Firminy_Gym_Minibus.jpg?resize=416%2C416\" alt=\"\" width=\"416\" height=\"416\" srcset=\"https:\/\/i0.wp.com\/firminy-gym.eu\/wp-content\/uploads\/2021\/06\/Firminy_Gym_Minibus.jpg?resize=300%2C300 300w, https:\/\/i0.wp.com\/firminy-gym.eu\/wp-content\/uploads\/2021\/06\/Firminy_Gym_Minibus.jpg?resize=1021%2C1024 1021w, https:\/\/i0.wp.com\/firminy-gym.eu\/wp-content\/uploads\/2021\/06\/Firminy_Gym_Minibus.jpg?resize=150%2C150 150w, https:\/\/i0.wp.com\/firminy-gym.eu\/wp-content\/uploads\/2021\/06\/Firminy_Gym_Minibus.jpg?resize=768%2C770 768w, https:\/\/i0.wp.com\/firminy-gym.eu\/wp-content\/uploads\/2021\/06\/Firminy_Gym_Minibus.jpg?w=1080 1080w\" sizes=\"(max-width: 416px) 100vw, 416px\" \/><\/a><\/strong><\/p>\n<h4><strong><span style=\"color: #800080;\">Ce minibus est avant tout destin\u00e9 au transport des licenci\u00e9s et entra\u00eeneurs du club notamment lors des comp\u00e9titions.<\/span><\/strong><\/h4>\n<h4><strong><span style=\"color: #800080;\">Dans le but de prendre soin de ce minibus, nous sommes \u00e0 la recherche d&rsquo;un endroit pour le garer, de pr\u00e9f\u00e9rence avec une mise \u00e0 disposition gratuite.<\/span><\/strong><\/h4>\n","protected":false},"excerpt":{"rendered":"<p>La R\u00e9gion Auvergne Rh\u00f4ne Alpes a mis en place un nouveau dispositif r\u00e9gional \u00ab\u00a0op\u00e9ration, 300 minibus\u00a0\u00bb au profit des clubs sportifs . Nous avons fait [&#8230;]<\/p>\n","protected":false},"author":3,"featured_media":0,"parent":0,"menu_order":0,"comment_status":"closed","ping_status":"closed","template":"","meta":{"jetpack_post_was_ever_published":false,"footnotes":""},"categories":[6],"tags":[],"class_list":["post-2885","page","type-page","status-publish","hentry","category-article"],"jetpack_sharing_enabled":true,"jetpack_shortlink":"https:\/\/wp.me\/P9pxLK-Kx","publishpress_future_action":{"enabled":false,"date":"2026-05-08 16:24:54","action":"change-status","newStatus":"draft","terms":[],"taxonomy":"category"},"_links":{"self":[{"href":"http:\/\/firminy-gym.eu\/index.php\/wp-json\/wp\/v2\/pages\/2885"}],"collection":[{"href":"http:\/\/firminy-gym.eu\/index.php\/wp-json\/wp\/v2\/pages"}],"about":[{"href":"http:\/\/firminy-gym.eu\/index.php\/wp-json\/wp\/v2\/types\/page"}],"author":[{"embeddable":true,"href":"http:\/\/firminy-gym.eu\/index.php\/wp-json\/wp\/v2\/users\/3"}],"replies":[{"embeddable":true,"href":"http:\/\/firminy-gym.eu\/index.php\/wp-json\/wp\/v2\/comments?post=2885"}],"version-history":[{"count":4,"href":"http:\/\/firminy-gym.eu\/index.php\/wp-json\/wp\/v2\/pages\/2885\/revisions"}],"predecessor-version":[{"id":2892,"href":"http:\/\/firminy-gym.eu\/index.php\/wp-json\/wp\/v2\/pages\/2885\/revisions\/2892"}],"wp:attachment":[{"href":"http:\/\/firminy-gym.eu\/index.php\/wp-json\/wp\/v2\/media?parent=2885"}],"wp:term":[{"taxonomy":"category","embeddable":true,"href":"http:\/\/firminy-gym.eu\/index.php\/wp-json\/wp\/v2\/categories?post=2885"},{"taxonomy":"post_tag","embeddable":true,"href":"http:\/\/firminy-gym.eu\/index.php\/wp-json\/wp\/v2\/tags?post=2885"}],"curies":[{"name":"wp","href":"https:\/\/api.w.org\/{rel}","templated":true}]}}