{"id":2651,"date":"2021-03-02T08:48:15","date_gmt":"2021-03-02T07:48:15","guid":{"rendered":"http:\/\/firminy-gym.eu\/?page_id=2651"},"modified":"2021-03-04T19:44:29","modified_gmt":"2021-03-04T18:44:29","slug":"defi-9-21-groupe-federal-a1-et-b-avec-fransky","status":"publish","type":"page","link":"http:\/\/firminy-gym.eu\/index.php\/defi-9-21-groupe-federal-a1-et-b-avec-fransky\/","title":{"rendered":"D\u00c9FI 9.21 &#8211; Groupe F\u00c9D\u00c9RAL A1 et B avec Fransky"},"content":{"rendered":"<p><a href=\"https:\/\/i0.wp.com\/firminy-gym.eu\/wp-content\/uploads\/2021\/03\/FEDERAL-A1-ET-B-DEFI-1.jpg\" target=\"_blank\" rel=\"noopener\"><img data-recalc-dims=\"1\" loading=\"lazy\" decoding=\"async\" class=\"aligncenter wp-image-2604 size-full\" src=\"https:\/\/i0.wp.com\/firminy-gym.eu\/wp-content\/uploads\/2021\/03\/FEDERAL-A1-ET-B-DEFI-1.jpg?resize=503%2C579\" alt=\"\" width=\"503\" height=\"579\" srcset=\"https:\/\/i0.wp.com\/firminy-gym.eu\/wp-content\/uploads\/2021\/03\/FEDERAL-A1-ET-B-DEFI-1.jpg?w=503 503w, https:\/\/i0.wp.com\/firminy-gym.eu\/wp-content\/uploads\/2021\/03\/FEDERAL-A1-ET-B-DEFI-1.jpg?resize=261%2C300 261w\" sizes=\"(max-width: 503px) 100vw, 503px\" \/><\/a><\/p>\n","protected":false},"excerpt":{"rendered":"","protected":false},"author":3,"featured_media":0,"parent":0,"menu_order":0,"comment_status":"closed","ping_status":"closed","template":"","meta":{"jetpack_post_was_ever_published":false,"footnotes":""},"categories":[],"tags":[],"class_list":["post-2651","page","type-page","status-publish","hentry"],"jetpack_sharing_enabled":true,"jetpack_shortlink":"https:\/\/wp.me\/P9pxLK-GL","publishpress_future_action":{"enabled":false,"date":"2026-05-07 15:56:12","action":"change-status","newStatus":"draft","terms":[],"taxonomy":"category"},"_links":{"self":[{"href":"http:\/\/firminy-gym.eu\/index.php\/wp-json\/wp\/v2\/pages\/2651"}],"collection":[{"href":"http:\/\/firminy-gym.eu\/index.php\/wp-json\/wp\/v2\/pages"}],"about":[{"href":"http:\/\/firminy-gym.eu\/index.php\/wp-json\/wp\/v2\/types\/page"}],"author":[{"embeddable":true,"href":"http:\/\/firminy-gym.eu\/index.php\/wp-json\/wp\/v2\/users\/3"}],"replies":[{"embeddable":true,"href":"http:\/\/firminy-gym.eu\/index.php\/wp-json\/wp\/v2\/comments?post=2651"}],"version-history":[{"count":1,"href":"http:\/\/firminy-gym.eu\/index.php\/wp-json\/wp\/v2\/pages\/2651\/revisions"}],"predecessor-version":[{"id":2653,"href":"http:\/\/firminy-gym.eu\/index.php\/wp-json\/wp\/v2\/pages\/2651\/revisions\/2653"}],"wp:attachment":[{"href":"http:\/\/firminy-gym.eu\/index.php\/wp-json\/wp\/v2\/media?parent=2651"}],"wp:term":[{"taxonomy":"category","embeddable":true,"href":"http:\/\/firminy-gym.eu\/index.php\/wp-json\/wp\/v2\/categories?post=2651"},{"taxonomy":"post_tag","embeddable":true,"href":"http:\/\/firminy-gym.eu\/index.php\/wp-json\/wp\/v2\/tags?post=2651"}],"curies":[{"name":"wp","href":"https:\/\/api.w.org\/{rel}","templated":true}]}}