{"id":2439,"date":"2021-02-22T21:09:25","date_gmt":"2021-02-22T20:09:25","guid":{"rendered":"http:\/\/firminy-gym.eu\/?page_id=2439"},"modified":"2021-02-22T21:45:05","modified_gmt":"2021-02-22T20:45:05","slug":"les-defis-2e-et-3e-defis-groupe-federal-a1-et-b-avec-manon-et-fransky","status":"publish","type":"page","link":"http:\/\/firminy-gym.eu\/index.php\/les-defis-2e-et-3e-defis-groupe-federal-a1-et-b-avec-manon-et-fransky\/","title":{"rendered":"D\u00e9fis 2 et 3 &#8211; Groupe F\u00c9D\u00c9RAL A1 et B avec Manon et Fransky"},"content":{"rendered":"<p><a href=\"https:\/\/i0.wp.com\/firminy-gym.eu\/wp-content\/uploads\/2021\/02\/Federal-A1-et-B-.jpeg\" target=\"_blank\" rel=\"noopener\"><img data-recalc-dims=\"1\" loading=\"lazy\" decoding=\"async\" class=\"alignleft wp-image-2386\" src=\"https:\/\/i0.wp.com\/firminy-gym.eu\/wp-content\/uploads\/2021\/02\/Federal-A1-et-B-.jpeg?resize=400%2C571\" alt=\"\" width=\"400\" height=\"571\" srcset=\"https:\/\/i0.wp.com\/firminy-gym.eu\/wp-content\/uploads\/2021\/02\/Federal-A1-et-B-.jpeg?w=468 468w, https:\/\/i0.wp.com\/firminy-gym.eu\/wp-content\/uploads\/2021\/02\/Federal-A1-et-B-.jpeg?resize=210%2C300 210w\" sizes=\"(max-width: 400px) 100vw, 400px\" \/><\/a><a href=\"https:\/\/i0.wp.com\/firminy-gym.eu\/wp-content\/uploads\/2021\/02\/Federal-A1-et-B-2.jpeg\" target=\"_blank\" rel=\"noopener\"><img data-recalc-dims=\"1\" loading=\"lazy\" decoding=\"async\" class=\"alignright wp-image-2385\" src=\"https:\/\/i0.wp.com\/firminy-gym.eu\/wp-content\/uploads\/2021\/02\/Federal-A1-et-B-2.jpeg?resize=400%2C520\" alt=\"\" width=\"400\" height=\"520\" srcset=\"https:\/\/i0.wp.com\/firminy-gym.eu\/wp-content\/uploads\/2021\/02\/Federal-A1-et-B-2.jpeg?w=539 539w, https:\/\/i0.wp.com\/firminy-gym.eu\/wp-content\/uploads\/2021\/02\/Federal-A1-et-B-2.jpeg?resize=231%2C300 231w\" sizes=\"(max-width: 400px) 100vw, 400px\" \/><\/a><\/p>\n","protected":false},"excerpt":{"rendered":"","protected":false},"author":3,"featured_media":0,"parent":0,"menu_order":0,"comment_status":"closed","ping_status":"closed","template":"","meta":{"jetpack_post_was_ever_published":false,"footnotes":""},"categories":[],"tags":[],"class_list":["post-2439","page","type-page","status-publish","hentry"],"jetpack_sharing_enabled":true,"jetpack_shortlink":"https:\/\/wp.me\/P9pxLK-Dl","publishpress_future_action":{"enabled":false,"date":"2026-04-28 14:02:20","action":"change-status","newStatus":"draft","terms":[],"taxonomy":"category"},"_links":{"self":[{"href":"http:\/\/firminy-gym.eu\/index.php\/wp-json\/wp\/v2\/pages\/2439"}],"collection":[{"href":"http:\/\/firminy-gym.eu\/index.php\/wp-json\/wp\/v2\/pages"}],"about":[{"href":"http:\/\/firminy-gym.eu\/index.php\/wp-json\/wp\/v2\/types\/page"}],"author":[{"embeddable":true,"href":"http:\/\/firminy-gym.eu\/index.php\/wp-json\/wp\/v2\/users\/3"}],"replies":[{"embeddable":true,"href":"http:\/\/firminy-gym.eu\/index.php\/wp-json\/wp\/v2\/comments?post=2439"}],"version-history":[{"count":11,"href":"http:\/\/firminy-gym.eu\/index.php\/wp-json\/wp\/v2\/pages\/2439\/revisions"}],"predecessor-version":[{"id":2477,"href":"http:\/\/firminy-gym.eu\/index.php\/wp-json\/wp\/v2\/pages\/2439\/revisions\/2477"}],"wp:attachment":[{"href":"http:\/\/firminy-gym.eu\/index.php\/wp-json\/wp\/v2\/media?parent=2439"}],"wp:term":[{"taxonomy":"category","embeddable":true,"href":"http:\/\/firminy-gym.eu\/index.php\/wp-json\/wp\/v2\/categories?post=2439"},{"taxonomy":"post_tag","embeddable":true,"href":"http:\/\/firminy-gym.eu\/index.php\/wp-json\/wp\/v2\/tags?post=2439"}],"curies":[{"name":"wp","href":"https:\/\/api.w.org\/{rel}","templated":true}]}}