{"id":2323,"date":"2021-02-16T21:28:19","date_gmt":"2021-02-16T20:28:19","guid":{"rendered":"http:\/\/firminy-gym.eu\/?page_id=2323"},"modified":"2021-02-22T21:32:43","modified_gmt":"2021-02-22T20:32:43","slug":"les-performances-de-manu-2","status":"publish","type":"page","link":"http:\/\/firminy-gym.eu\/index.php\/les-performances-de-manu-2\/","title":{"rendered":"Performance 1 de Manu"},"content":{"rendered":"<p><a href=\"https:\/\/i0.wp.com\/firminy-gym.eu\/wp-content\/uploads\/2021\/02\/Rappel_1.png\" target=\"_blank\" rel=\"noopener\"><img data-recalc-dims=\"1\" loading=\"lazy\" decoding=\"async\" class=\"aligncenter wp-image-2335 size-full\" src=\"https:\/\/i0.wp.com\/firminy-gym.eu\/wp-content\/uploads\/2021\/02\/Rappel_1.png?resize=860%2C183\" alt=\"\" width=\"860\" height=\"183\" srcset=\"https:\/\/i0.wp.com\/firminy-gym.eu\/wp-content\/uploads\/2021\/02\/Rappel_1.png?w=901 901w, https:\/\/i0.wp.com\/firminy-gym.eu\/wp-content\/uploads\/2021\/02\/Rappel_1.png?resize=300%2C64 300w, https:\/\/i0.wp.com\/firminy-gym.eu\/wp-content\/uploads\/2021\/02\/Rappel_1.png?resize=768%2C164 768w\" sizes=\"(max-width: 860px) 100vw, 860px\" \/><\/a><\/p>\n<p><a href=\"https:\/\/i0.wp.com\/firminy-gym.eu\/wp-content\/uploads\/2021\/02\/defi_1.png\" target=\"_blank\" rel=\"noopener\"><img data-recalc-dims=\"1\" loading=\"lazy\" decoding=\"async\" class=\"alignleft wp-image-2332 size-full\" src=\"https:\/\/i0.wp.com\/firminy-gym.eu\/wp-content\/uploads\/2021\/02\/defi_1.png?resize=275%2C341\" alt=\"\" width=\"275\" height=\"341\" srcset=\"https:\/\/i0.wp.com\/firminy-gym.eu\/wp-content\/uploads\/2021\/02\/defi_1.png?w=275 275w, https:\/\/i0.wp.com\/firminy-gym.eu\/wp-content\/uploads\/2021\/02\/defi_1.png?resize=242%2C300 242w\" sizes=\"(max-width: 275px) 100vw, 275px\" \/><\/a><\/p>\n<p>&nbsp;<\/p>\n<p><a href=\"https:\/\/i0.wp.com\/firminy-gym.eu\/wp-content\/uploads\/2021\/02\/defi_2.png\" target=\"_blank\" rel=\"noopener\"><img data-recalc-dims=\"1\" loading=\"lazy\" decoding=\"async\" class=\"alignleft wp-image-2331 size-full\" src=\"https:\/\/i0.wp.com\/firminy-gym.eu\/wp-content\/uploads\/2021\/02\/defi_2.png?resize=529%2C341\" alt=\"\" width=\"529\" height=\"341\" srcset=\"https:\/\/i0.wp.com\/firminy-gym.eu\/wp-content\/uploads\/2021\/02\/defi_2.png?w=529 529w, https:\/\/i0.wp.com\/firminy-gym.eu\/wp-content\/uploads\/2021\/02\/defi_2.png?resize=300%2C193 300w\" sizes=\"(max-width: 529px) 100vw, 529px\" \/><\/a><\/p>\n<p><a href=\"https:\/\/i0.wp.com\/firminy-gym.eu\/wp-content\/uploads\/2021\/02\/defi_3.png\" target=\"_blank\" rel=\"noopener\"><img data-recalc-dims=\"1\" loading=\"lazy\" decoding=\"async\" class=\"alignleft wp-image-2338 size-full\" src=\"https:\/\/i0.wp.com\/firminy-gym.eu\/wp-content\/uploads\/2021\/02\/defi_3.png?resize=659%2C320\" alt=\"\" width=\"659\" height=\"320\" srcset=\"https:\/\/i0.wp.com\/firminy-gym.eu\/wp-content\/uploads\/2021\/02\/defi_3.png?w=659 659w, https:\/\/i0.wp.com\/firminy-gym.eu\/wp-content\/uploads\/2021\/02\/defi_3.png?resize=300%2C146 300w\" sizes=\"(max-width: 659px) 100vw, 659px\" \/><\/a><\/p>\n<p>&nbsp;<\/p>\n<p><a href=\"https:\/\/i0.wp.com\/firminy-gym.eu\/wp-content\/uploads\/2021\/02\/defi_4.png\" target=\"_blank\" rel=\"noopener\"><img data-recalc-dims=\"1\" loading=\"lazy\" decoding=\"async\" class=\"alignleft wp-image-2337 size-full\" src=\"https:\/\/i0.wp.com\/firminy-gym.eu\/wp-content\/uploads\/2021\/02\/defi_4.png?resize=612%2C351\" alt=\"\" width=\"612\" height=\"351\" srcset=\"https:\/\/i0.wp.com\/firminy-gym.eu\/wp-content\/uploads\/2021\/02\/defi_4.png?w=612 612w, https:\/\/i0.wp.com\/firminy-gym.eu\/wp-content\/uploads\/2021\/02\/defi_4.png?resize=300%2C172 300w\" sizes=\"(max-width: 612px) 100vw, 612px\" \/><\/a><\/p>\n<p>&nbsp;<\/p>\n<p><a href=\"https:\/\/i0.wp.com\/firminy-gym.eu\/wp-content\/uploads\/2021\/02\/Alignement_1.png\" target=\"_blank\" rel=\"noopener\"><img data-recalc-dims=\"1\" loading=\"lazy\" decoding=\"async\" class=\"alignleft wp-image-2327 size-full\" src=\"https:\/\/i0.wp.com\/firminy-gym.eu\/wp-content\/uploads\/2021\/02\/Alignement_1.png?resize=405%2C424\" alt=\"\" width=\"405\" height=\"424\" srcset=\"https:\/\/i0.wp.com\/firminy-gym.eu\/wp-content\/uploads\/2021\/02\/Alignement_1.png?w=405 405w, https:\/\/i0.wp.com\/firminy-gym.eu\/wp-content\/uploads\/2021\/02\/Alignement_1.png?resize=287%2C300 287w\" sizes=\"(max-width: 405px) 100vw, 405px\" \/><\/a><\/p>\n<p><a href=\"https:\/\/i0.wp.com\/firminy-gym.eu\/wp-content\/uploads\/2021\/02\/Alignement_2.png\" target=\"_blank\" rel=\"noopener\"><img data-recalc-dims=\"1\" loading=\"lazy\" decoding=\"async\" class=\"aligncenter wp-image-2336 size-large\" src=\"https:\/\/i0.wp.com\/firminy-gym.eu\/wp-content\/uploads\/2021\/02\/Alignement_2.png?resize=860%2C133\" alt=\"\" width=\"860\" height=\"133\" srcset=\"https:\/\/i0.wp.com\/firminy-gym.eu\/wp-content\/uploads\/2021\/02\/Alignement_2.png?resize=1024%2C158 1024w, https:\/\/i0.wp.com\/firminy-gym.eu\/wp-content\/uploads\/2021\/02\/Alignement_2.png?resize=300%2C46 300w, https:\/\/i0.wp.com\/firminy-gym.eu\/wp-content\/uploads\/2021\/02\/Alignement_2.png?resize=768%2C118 768w, https:\/\/i0.wp.com\/firminy-gym.eu\/wp-content\/uploads\/2021\/02\/Alignement_2.png?w=1455 1455w\" sizes=\"(max-width: 860px) 100vw, 860px\" \/><\/a><\/p>\n<p><a href=\"https:\/\/i0.wp.com\/firminy-gym.eu\/wp-content\/uploads\/2021\/02\/Abdo_1.png\" target=\"_blank\" rel=\"noopener\"><img data-recalc-dims=\"1\" loading=\"lazy\" decoding=\"async\" class=\"alignleft wp-image-2333 size-full\" src=\"https:\/\/i0.wp.com\/firminy-gym.eu\/wp-content\/uploads\/2021\/02\/Abdo_1.png?resize=657%2C316\" alt=\"\" width=\"657\" height=\"316\" srcset=\"https:\/\/i0.wp.com\/firminy-gym.eu\/wp-content\/uploads\/2021\/02\/Abdo_1.png?w=657 657w, https:\/\/i0.wp.com\/firminy-gym.eu\/wp-content\/uploads\/2021\/02\/Abdo_1.png?resize=300%2C144 300w\" sizes=\"(max-width: 657px) 100vw, 657px\" \/><\/a><\/p>\n<p>&nbsp;<\/p>\n<p><a href=\"https:\/\/i0.wp.com\/firminy-gym.eu\/wp-content\/uploads\/2021\/02\/Abdo_2.png\" target=\"_blank\" rel=\"noopener\"><img data-recalc-dims=\"1\" loading=\"lazy\" decoding=\"async\" class=\"alignright wp-image-2334\" src=\"https:\/\/i0.wp.com\/firminy-gym.eu\/wp-content\/uploads\/2021\/02\/Abdo_2.png?resize=860%2C137\" alt=\"\" width=\"860\" height=\"137\" srcset=\"https:\/\/i0.wp.com\/firminy-gym.eu\/wp-content\/uploads\/2021\/02\/Abdo_2.png?resize=1024%2C163 1024w, https:\/\/i0.wp.com\/firminy-gym.eu\/wp-content\/uploads\/2021\/02\/Abdo_2.png?resize=300%2C48 300w, https:\/\/i0.wp.com\/firminy-gym.eu\/wp-content\/uploads\/2021\/02\/Abdo_2.png?resize=768%2C122 768w, https:\/\/i0.wp.com\/firminy-gym.eu\/wp-content\/uploads\/2021\/02\/Abdo_2.png?w=1169 1169w\" sizes=\"(max-width: 860px) 100vw, 860px\" \/><\/a><\/p>\n<p>&nbsp;<\/p>\n<p>&nbsp;<\/p>\n<p>&nbsp;<\/p>\n<p><span style=\"color: #000080;\"><em><strong>N&rsquo;h\u00e9sitez pas \u00e0 zoomer sur l&rsquo;image apr\u00e8s y avoir cliqu\u00e9 dessus<br \/>\n<\/strong><\/em><em><strong>(ctrl + roulette souris<br \/>\nou ctrl + touche+)<\/strong><\/em><\/span><\/p>\n","protected":false},"excerpt":{"rendered":"<p>&nbsp; &nbsp; &nbsp; &nbsp; &nbsp; &nbsp; &nbsp; N&rsquo;h\u00e9sitez pas \u00e0 zoomer sur l&rsquo;image apr\u00e8s y avoir cliqu\u00e9 dessus (ctrl + roulette souris ou ctrl + [&#8230;]<\/p>\n","protected":false},"author":3,"featured_media":0,"parent":0,"menu_order":0,"comment_status":"closed","ping_status":"closed","template":"","meta":{"jetpack_post_was_ever_published":false,"footnotes":""},"categories":[],"tags":[],"class_list":["post-2323","page","type-page","status-publish","hentry"],"jetpack_sharing_enabled":true,"jetpack_shortlink":"https:\/\/wp.me\/P9pxLK-Bt","publishpress_future_action":{"enabled":false,"date":"2026-05-21 11:09:34","action":"change-status","newStatus":"draft","terms":[],"taxonomy":"category"},"_links":{"self":[{"href":"http:\/\/firminy-gym.eu\/index.php\/wp-json\/wp\/v2\/pages\/2323"}],"collection":[{"href":"http:\/\/firminy-gym.eu\/index.php\/wp-json\/wp\/v2\/pages"}],"about":[{"href":"http:\/\/firminy-gym.eu\/index.php\/wp-json\/wp\/v2\/types\/page"}],"author":[{"embeddable":true,"href":"http:\/\/firminy-gym.eu\/index.php\/wp-json\/wp\/v2\/users\/3"}],"replies":[{"embeddable":true,"href":"http:\/\/firminy-gym.eu\/index.php\/wp-json\/wp\/v2\/comments?post=2323"}],"version-history":[{"count":15,"href":"http:\/\/firminy-gym.eu\/index.php\/wp-json\/wp\/v2\/pages\/2323\/revisions"}],"predecessor-version":[{"id":2469,"href":"http:\/\/firminy-gym.eu\/index.php\/wp-json\/wp\/v2\/pages\/2323\/revisions\/2469"}],"wp:attachment":[{"href":"http:\/\/firminy-gym.eu\/index.php\/wp-json\/wp\/v2\/media?parent=2323"}],"wp:term":[{"taxonomy":"category","embeddable":true,"href":"http:\/\/firminy-gym.eu\/index.php\/wp-json\/wp\/v2\/categories?post=2323"},{"taxonomy":"post_tag","embeddable":true,"href":"http:\/\/firminy-gym.eu\/index.php\/wp-json\/wp\/v2\/tags?post=2323"}],"curies":[{"name":"wp","href":"https:\/\/api.w.org\/{rel}","templated":true}]}}