{"id":2091,"date":"2021-02-13T15:08:58","date_gmt":"2021-02-13T14:08:58","guid":{"rendered":"http:\/\/firminy-gym.eu\/?page_id=2091"},"modified":"2021-02-22T21:33:56","modified_gmt":"2021-02-22T20:33:56","slug":"les-defis-groupe-federal-a1-et-b","status":"publish","type":"page","link":"http:\/\/firminy-gym.eu\/index.php\/les-defis-groupe-federal-a1-et-b\/","title":{"rendered":"D\u00e9fi 1 &#8211; Groupe F\u00e9d\u00e9ral A1 et B"},"content":{"rendered":"<p><a href=\"https:\/\/i0.wp.com\/firminy-gym.eu\/wp-content\/uploads\/2021\/02\/Image2021-02-13_1-2.png\" target=\"_blank\" rel=\"noopener\"><img data-recalc-dims=\"1\" loading=\"lazy\" decoding=\"async\" class=\"wp-image-2191 size-large aligncenter\" src=\"https:\/\/i0.wp.com\/firminy-gym.eu\/wp-content\/uploads\/2021\/02\/Image2021-02-13_1-2.png?resize=860%2C727\" alt=\"\" width=\"860\" height=\"727\" srcset=\"https:\/\/i0.wp.com\/firminy-gym.eu\/wp-content\/uploads\/2021\/02\/Image2021-02-13_1-2.png?resize=1024%2C866 1024w, https:\/\/i0.wp.com\/firminy-gym.eu\/wp-content\/uploads\/2021\/02\/Image2021-02-13_1-2.png?resize=300%2C254 300w, https:\/\/i0.wp.com\/firminy-gym.eu\/wp-content\/uploads\/2021\/02\/Image2021-02-13_1-2.png?resize=768%2C649 768w, https:\/\/i0.wp.com\/firminy-gym.eu\/wp-content\/uploads\/2021\/02\/Image2021-02-13_1-2.png?resize=1536%2C1299 1536w, https:\/\/i0.wp.com\/firminy-gym.eu\/wp-content\/uploads\/2021\/02\/Image2021-02-13_1-2.png?w=1786 1786w, https:\/\/i0.wp.com\/firminy-gym.eu\/wp-content\/uploads\/2021\/02\/Image2021-02-13_1-2.png?w=1720 1720w\" sizes=\"(max-width: 860px) 100vw, 860px\" \/><\/a><\/p>\n","protected":false},"excerpt":{"rendered":"","protected":false},"author":3,"featured_media":0,"parent":0,"menu_order":0,"comment_status":"closed","ping_status":"closed","template":"","meta":{"jetpack_post_was_ever_published":false,"footnotes":""},"categories":[],"tags":[],"class_list":["post-2091","page","type-page","status-publish","hentry"],"jetpack_sharing_enabled":true,"jetpack_shortlink":"https:\/\/wp.me\/P9pxLK-xJ","publishpress_future_action":{"enabled":false,"date":"2026-05-21 11:13:55","action":"change-status","newStatus":"draft","terms":[],"taxonomy":"category"},"_links":{"self":[{"href":"http:\/\/firminy-gym.eu\/index.php\/wp-json\/wp\/v2\/pages\/2091"}],"collection":[{"href":"http:\/\/firminy-gym.eu\/index.php\/wp-json\/wp\/v2\/pages"}],"about":[{"href":"http:\/\/firminy-gym.eu\/index.php\/wp-json\/wp\/v2\/types\/page"}],"author":[{"embeddable":true,"href":"http:\/\/firminy-gym.eu\/index.php\/wp-json\/wp\/v2\/users\/3"}],"replies":[{"embeddable":true,"href":"http:\/\/firminy-gym.eu\/index.php\/wp-json\/wp\/v2\/comments?post=2091"}],"version-history":[{"count":5,"href":"http:\/\/firminy-gym.eu\/index.php\/wp-json\/wp\/v2\/pages\/2091\/revisions"}],"predecessor-version":[{"id":2473,"href":"http:\/\/firminy-gym.eu\/index.php\/wp-json\/wp\/v2\/pages\/2091\/revisions\/2473"}],"wp:attachment":[{"href":"http:\/\/firminy-gym.eu\/index.php\/wp-json\/wp\/v2\/media?parent=2091"}],"wp:term":[{"taxonomy":"category","embeddable":true,"href":"http:\/\/firminy-gym.eu\/index.php\/wp-json\/wp\/v2\/categories?post=2091"},{"taxonomy":"post_tag","embeddable":true,"href":"http:\/\/firminy-gym.eu\/index.php\/wp-json\/wp\/v2\/tags?post=2091"}],"curies":[{"name":"wp","href":"https:\/\/api.w.org\/{rel}","templated":true}]}}