{"id":1967,"date":"2020-12-13T11:25:12","date_gmt":"2020-12-13T10:25:12","guid":{"rendered":"http:\/\/firminy-gym.eu\/?page_id=1967"},"modified":"2020-12-13T12:55:04","modified_gmt":"2020-12-13T11:55:04","slug":"reprise-des-cours","status":"publish","type":"page","link":"http:\/\/firminy-gym.eu\/index.php\/reprise-des-cours\/","title":{"rendered":"Reprise des cours"},"content":{"rendered":"<h3 style=\"text-align: left;\"><span style=\"color: #800080;\"><strong>Apr\u00e8s les derni\u00e8res annonces du Premier Ministre, les cours de gymnastique vont reprendre le 15 d\u00e9cembre <span style=\"color: #ff6600;\"><em>uniquement pour les mineurs<\/em><\/span> avec <\/strong>des modifications d&rsquo;horaires \u00e0 cause du couvre feu fix\u00e9 \u00e0 20h00, l<span class=\"d2edcug0 hpfvmrgz qv66sw1b c1et5uql gk29lw5a a8c37x1j keod5gw0 nxhoafnm aigsh9s9 d9wwppkn fe6kdd0r mau55g9w c8b282yb hrzyx87i jq4qci2q a3bd9o3v knj5qynh oo9gr5id hzawbc8m\" dir=\"auto\">es cours s&rsquo;arr\u00eateront \u00e0 19h30, <\/span>nous avons donc d\u00fb diminuer le nombre d&rsquo;heures et nous en sommes d\u00e9sol\u00e9s.<\/span><\/h3>\n<p>&nbsp;<\/p>\n<p><a href=\"http:\/\/firminy-gym.eu\/wp-content\/uploads\/2020\/12\/PLANNING-F-GYM-2020-2021-le-12-12-2020-1.pdf\" target=\"_blank\" rel=\"noopener noreferrer nofollow\">Cliquer pour acc\u00e9der \u00e0 PLANNING-F-GYM-2020-2021-le-12-12-2020-1.pdf<\/a><\/p>\n<h4><em><strong><a href=\"http:\/\/firminy-gym.eu\/wp-content\/uploads\/2020\/12\/PLANNING-F-GYM-2020-2021-le-12-12-2020.pdf\" target=\"_blank\" rel=\"noopener noreferrer\"><span style=\"color: #800000;\">PLANNING F-GYM 2020- 2021 MODIFI\u00c9 SUITE AU COUVRE FEU (\u00e0 t\u00e9l\u00e9charger)<\/span><\/a><\/strong><\/em><\/h4>\n<h3><span style=\"color: #800080;\"><strong>Pour compl\u00e9ter les cours, lors des 2 semaines de vacances de No\u00ebl, des stages pour tous les groupes (<span style=\"color: #ff6600;\">sauf adultes<\/span>), voir le planning ci-dessous,\u00a0 seront propos\u00e9s.<\/strong><\/span><\/h3>\n<p>&nbsp;<\/p>\n<p><a href=\"http:\/\/firminy-gym.eu\/wp-content\/uploads\/2020\/12\/plannig-vacance-de-noel-11-12-2020.pdf\" target=\"_blank\" rel=\"noopener noreferrer nofollow\">Cliquer pour acc\u00e9der \u00e0 plannig-vacance-de-noel-11-12-2020.pdf<\/a><\/p>\n<h3><strong><a href=\"http:\/\/firminy-gym.eu\/wp-content\/uploads\/2020\/12\/plannig-vacance-de-noel-11-12-2020.pdf\" target=\"_blank\" rel=\"noopener noreferrer\"><span style=\"color: #800000;\">Planning stages vacances de No\u00ebl (\u00e0 t\u00e9l\u00e9charger)<\/span><\/a><\/strong><\/h3>\n","protected":false},"excerpt":{"rendered":"<p>Apr\u00e8s les derni\u00e8res annonces du Premier Ministre, les cours de gymnastique vont reprendre le 15 d\u00e9cembre uniquement pour les mineurs avec des modifications d&rsquo;horaires \u00e0 [&#8230;]<\/p>\n","protected":false},"author":3,"featured_media":0,"parent":0,"menu_order":0,"comment_status":"closed","ping_status":"closed","template":"","meta":{"jetpack_post_was_ever_published":false,"footnotes":""},"categories":[],"tags":[],"class_list":["post-1967","page","type-page","status-publish","hentry"],"jetpack_sharing_enabled":true,"jetpack_shortlink":"https:\/\/wp.me\/P9pxLK-vJ","publishpress_future_action":{"enabled":false,"date":"2026-04-29 02:33:10","action":"change-status","newStatus":"draft","terms":[],"taxonomy":"category"},"_links":{"self":[{"href":"http:\/\/firminy-gym.eu\/index.php\/wp-json\/wp\/v2\/pages\/1967"}],"collection":[{"href":"http:\/\/firminy-gym.eu\/index.php\/wp-json\/wp\/v2\/pages"}],"about":[{"href":"http:\/\/firminy-gym.eu\/index.php\/wp-json\/wp\/v2\/types\/page"}],"author":[{"embeddable":true,"href":"http:\/\/firminy-gym.eu\/index.php\/wp-json\/wp\/v2\/users\/3"}],"replies":[{"embeddable":true,"href":"http:\/\/firminy-gym.eu\/index.php\/wp-json\/wp\/v2\/comments?post=1967"}],"version-history":[{"count":18,"href":"http:\/\/firminy-gym.eu\/index.php\/wp-json\/wp\/v2\/pages\/1967\/revisions"}],"predecessor-version":[{"id":1993,"href":"http:\/\/firminy-gym.eu\/index.php\/wp-json\/wp\/v2\/pages\/1967\/revisions\/1993"}],"wp:attachment":[{"href":"http:\/\/firminy-gym.eu\/index.php\/wp-json\/wp\/v2\/media?parent=1967"}],"wp:term":[{"taxonomy":"category","embeddable":true,"href":"http:\/\/firminy-gym.eu\/index.php\/wp-json\/wp\/v2\/categories?post=1967"},{"taxonomy":"post_tag","embeddable":true,"href":"http:\/\/firminy-gym.eu\/index.php\/wp-json\/wp\/v2\/tags?post=1967"}],"curies":[{"name":"wp","href":"https:\/\/api.w.org\/{rel}","templated":true}]}}