{"id":1543,"date":"2020-03-16T11:34:34","date_gmt":"2020-03-16T10:34:34","guid":{"rendered":"http:\/\/firminy-gym.eu\/?page_id=1543"},"modified":"2021-03-04T18:06:12","modified_gmt":"2021-03-04T17:06:12","slug":"annulation-entrainements","status":"publish","type":"page","link":"http:\/\/firminy-gym.eu\/index.php\/annulation-entrainements\/","title":{"rendered":"Annulation entra\u00eenements"},"content":{"rendered":"<p><span style=\"font-weight: bold; color: #990000;\">Compte tenu de la situation tous les entra\u00eenements sont annul\u00e9s \u00e0 partir d&rsquo;aujourd&rsquo;hui (13\/03\/2020) et ce jusqu&rsquo;\u00e0 nouvel ordre.<\/span><br style=\"font-weight: bold; color: #990000;\" \/><br style=\"font-weight: bold; color: #990000;\" \/><span style=\"font-weight: bold; color: #990000;\">Nous vous tiendrons inform\u00e9s de l&rsquo;\u00e9volution de la situation d\u00e8s que possible.<\/span><br style=\"font-weight: bold; color: #990000;\" \/><br style=\"font-weight: bold; color: #990000;\" \/><span style=\"font-weight: bold; color: #990000;\">Comptant sur votre compr\u00e9hension.<\/span><br \/>\n<br style=\"font-weight: bold; color: #990000;\" \/><span style=\"font-weight: bold; color: #990000;\">Le bureau<\/span><\/p>\n<p>&nbsp;<\/p>\n<p><img data-recalc-dims=\"1\" loading=\"lazy\" decoding=\"async\" class=\"wp-image-1547 alignright\" src=\"https:\/\/i0.wp.com\/firminy-gym.eu\/wp-content\/uploads\/2020\/03\/coronavirus-france-contamination-jpg_6913290_660x281.jpg?resize=147%2C87\" alt=\"\" width=\"147\" height=\"87\" \/><\/p>\n","protected":false},"excerpt":{"rendered":"<p>Compte tenu de la situation tous les entra\u00eenements sont annul\u00e9s \u00e0 partir d&rsquo;aujourd&rsquo;hui (13\/03\/2020) et ce jusqu&rsquo;\u00e0 nouvel ordre.Nous vous tiendrons inform\u00e9s de l&rsquo;\u00e9volution de [&#8230;]<\/p>\n","protected":false},"author":3,"featured_media":0,"parent":0,"menu_order":0,"comment_status":"closed","ping_status":"closed","template":"","meta":{"jetpack_post_was_ever_published":false,"footnotes":""},"categories":[],"tags":[],"class_list":["post-1543","page","type-page","status-publish","hentry"],"jetpack_sharing_enabled":true,"jetpack_shortlink":"https:\/\/wp.me\/P9pxLK-oT","publishpress_future_action":{"enabled":false,"date":"2026-04-12 14:50:01","action":"change-status","newStatus":"draft","terms":[],"taxonomy":"category"},"_links":{"self":[{"href":"http:\/\/firminy-gym.eu\/index.php\/wp-json\/wp\/v2\/pages\/1543"}],"collection":[{"href":"http:\/\/firminy-gym.eu\/index.php\/wp-json\/wp\/v2\/pages"}],"about":[{"href":"http:\/\/firminy-gym.eu\/index.php\/wp-json\/wp\/v2\/types\/page"}],"author":[{"embeddable":true,"href":"http:\/\/firminy-gym.eu\/index.php\/wp-json\/wp\/v2\/users\/3"}],"replies":[{"embeddable":true,"href":"http:\/\/firminy-gym.eu\/index.php\/wp-json\/wp\/v2\/comments?post=1543"}],"version-history":[{"count":4,"href":"http:\/\/firminy-gym.eu\/index.php\/wp-json\/wp\/v2\/pages\/1543\/revisions"}],"predecessor-version":[{"id":1551,"href":"http:\/\/firminy-gym.eu\/index.php\/wp-json\/wp\/v2\/pages\/1543\/revisions\/1551"}],"wp:attachment":[{"href":"http:\/\/firminy-gym.eu\/index.php\/wp-json\/wp\/v2\/media?parent=1543"}],"wp:term":[{"taxonomy":"category","embeddable":true,"href":"http:\/\/firminy-gym.eu\/index.php\/wp-json\/wp\/v2\/categories?post=1543"},{"taxonomy":"post_tag","embeddable":true,"href":"http:\/\/firminy-gym.eu\/index.php\/wp-json\/wp\/v2\/tags?post=1543"}],"curies":[{"name":"wp","href":"https:\/\/api.w.org\/{rel}","templated":true}]}}