{"id":1394,"date":"2020-02-13T11:08:59","date_gmt":"2020-02-13T10:08:59","guid":{"rendered":"http:\/\/firminy-gym.eu\/?page_id=1394"},"modified":"2020-02-13T11:42:01","modified_gmt":"2020-02-13T10:42:01","slug":"championnat-departemental-par-equipes-gaf-coupe-de-la-loire-15-16-02-2020","status":"publish","type":"page","link":"http:\/\/firminy-gym.eu\/index.php\/championnat-departemental-par-equipes-gaf-coupe-de-la-loire-15-16-02-2020\/","title":{"rendered":"Championnat d\u00e9partemental par \u00e9quipes GAF + Coupe de la Loire 15-16\/02\/2020"},"content":{"rendered":"<h5><span style=\"color: #800080;\"><em><strong>Plannings de la comp\u00e9tition des 15 et 16 f\u00e9vrier 2020 au Complexe sportif Boulloche, \u00e0 Saint-Chamond.<\/strong><\/em><\/span><\/h5>\n<p><img data-recalc-dims=\"1\" loading=\"lazy\" decoding=\"async\" class=\" wp-image-1419 aligncenter\" src=\"https:\/\/i0.wp.com\/firminy-gym.eu\/wp-content\/uploads\/2020\/02\/Competitions-FGYM.png?resize=333%2C50\" alt=\"\" width=\"333\" height=\"50\" srcset=\"https:\/\/i0.wp.com\/firminy-gym.eu\/wp-content\/uploads\/2020\/02\/Competitions-FGYM.png?resize=300%2C45 300w, https:\/\/i0.wp.com\/firminy-gym.eu\/wp-content\/uploads\/2020\/02\/Competitions-FGYM.png?w=668 668w\" sizes=\"(max-width: 333px) 100vw, 333px\" \/><\/p>\n<p><a href=\"http:\/\/firminy-gym.eu\/wp-content\/uploads\/2020\/02\/Ordre-de-passage-nominatif-GAF-42-d\u00e9partement-\u00e9quipes-performance-FA-15-02-2020-ST-CHAMOND.pdf\" target=\"_blank\" rel=\"noopener noreferrer\">Ordre de passage nominatif &#8211; GAF &#8211; 42 &#8211; d\u00e9partement \u00e9quipes performance &#8211; FA &#8211; 15-02-2020 &#8211; ST CHAMOND<\/a><\/p>\n<p><a href=\"http:\/\/firminy-gym.eu\/wp-content\/uploads\/2020\/02\/Ordre-de-passage-nominatif-GAF-42-coupe-de-la-Loire-1-16-02-2020-ST-CHAMOND-Plateau-A.pdf\" target=\"_blank\" rel=\"noopener noreferrer\">Ordre de passage nominatif &#8211; GAF &#8211; 42 &#8211; coupe de la Loire 1 &#8211; 16-02-2020 &#8211; ST CHAMOND Plateau A<\/a><\/p>\n<p><a href=\"http:\/\/firminy-gym.eu\/wp-content\/uploads\/2020\/02\/Ordre-de-passage-nominatif-GAF-42-coupe-de-la-Loire-1-16-02-2020-ST-CHAMOND-Plateau-B.pdf\" target=\"_blank\" rel=\"noopener noreferrer\">Ordre de passage nominatif &#8211; GAF &#8211; 42 &#8211; coupe de la Loire 1 &#8211; 16-02-2020 &#8211; ST CHAMOND Plateau B<\/a><\/p>\n<p>&nbsp;<\/p>\n<p>&nbsp;<\/p>\n","protected":false},"excerpt":{"rendered":"<p>Plannings de la comp\u00e9tition des 15 et 16 f\u00e9vrier 2020 au Complexe sportif Boulloche, \u00e0 Saint-Chamond. Ordre de passage nominatif &#8211; GAF &#8211; 42 &#8211; [&#8230;]<\/p>\n","protected":false},"author":3,"featured_media":0,"parent":0,"menu_order":0,"comment_status":"closed","ping_status":"closed","template":"","meta":{"jetpack_post_was_ever_published":false,"footnotes":""},"categories":[],"tags":[],"class_list":["post-1394","page","type-page","status-publish","hentry"],"jetpack_sharing_enabled":true,"jetpack_shortlink":"https:\/\/wp.me\/P9pxLK-mu","publishpress_future_action":{"enabled":false,"date":"2026-05-21 11:15:34","action":"change-status","newStatus":"draft","terms":[],"taxonomy":"category"},"_links":{"self":[{"href":"http:\/\/firminy-gym.eu\/index.php\/wp-json\/wp\/v2\/pages\/1394"}],"collection":[{"href":"http:\/\/firminy-gym.eu\/index.php\/wp-json\/wp\/v2\/pages"}],"about":[{"href":"http:\/\/firminy-gym.eu\/index.php\/wp-json\/wp\/v2\/types\/page"}],"author":[{"embeddable":true,"href":"http:\/\/firminy-gym.eu\/index.php\/wp-json\/wp\/v2\/users\/3"}],"replies":[{"embeddable":true,"href":"http:\/\/firminy-gym.eu\/index.php\/wp-json\/wp\/v2\/comments?post=1394"}],"version-history":[{"count":5,"href":"http:\/\/firminy-gym.eu\/index.php\/wp-json\/wp\/v2\/pages\/1394\/revisions"}],"predecessor-version":[{"id":1423,"href":"http:\/\/firminy-gym.eu\/index.php\/wp-json\/wp\/v2\/pages\/1394\/revisions\/1423"}],"wp:attachment":[{"href":"http:\/\/firminy-gym.eu\/index.php\/wp-json\/wp\/v2\/media?parent=1394"}],"wp:term":[{"taxonomy":"category","embeddable":true,"href":"http:\/\/firminy-gym.eu\/index.php\/wp-json\/wp\/v2\/categories?post=1394"},{"taxonomy":"post_tag","embeddable":true,"href":"http:\/\/firminy-gym.eu\/index.php\/wp-json\/wp\/v2\/tags?post=1394"}],"curies":[{"name":"wp","href":"https:\/\/api.w.org\/{rel}","templated":true}]}}