{"id":1373,"date":"2020-02-13T10:19:43","date_gmt":"2020-02-13T09:19:43","guid":{"rendered":"http:\/\/firminy-gym.eu\/?page_id=1373"},"modified":"2020-02-14T18:05:35","modified_gmt":"2020-02-14T17:05:35","slug":"championnat-departemental-individuel-gaf-24-25-01-2020","status":"publish","type":"page","link":"http:\/\/firminy-gym.eu\/index.php\/championnat-departemental-individuel-gaf-24-25-01-2020\/","title":{"rendered":"Championnat d\u00e9partemental individuel GAF 25-26\/01\/2020"},"content":{"rendered":"<p><span style=\"color: #800080;\"><strong>R\u00e9sultats complets du Championnat de la Loire Individuelles \u00e0 Saint-\u00c9tienne. <\/strong><\/span><\/p>\n<p><span style=\"color: #800080;\"><strong>Bravo \u00e0 toutes, f\u00e9licitations \u00e0 nos gymnastes championnes du d\u00e9partement :<\/strong><\/span><\/p>\n<p><span style=\"color: #800080;\"><strong>Lucie Roulet (Nationale 10 ans)<\/strong><\/span><br \/>\n<span style=\"color: #800080;\"><strong>Lilou Gerphagnon (F\u00e9d\u00e9rale A 10-11 ans)<\/strong><\/span><br \/>\n<span style=\"color: #800080;\"><strong>Meline Chauvy (F\u00e9d\u00e9rale A1 14 ans et plus)<\/strong><\/span><\/p>\n<p><em><strong><span style=\"color: #ff0000;\">Les r\u00e9sultats complets \u00e0 t\u00e9l\u00e9charger :<\/span><\/strong><\/em><\/p>\n<p><img data-recalc-dims=\"1\" loading=\"lazy\" decoding=\"async\" class=\"alignnone size-medium wp-image-1421\" src=\"https:\/\/i0.wp.com\/firminy-gym.eu\/wp-content\/uploads\/2020\/02\/R\u00e9sultats-FGYM-ind.png?resize=300%2C42\" alt=\"\" width=\"300\" height=\"42\" srcset=\"https:\/\/i0.wp.com\/firminy-gym.eu\/wp-content\/uploads\/2020\/02\/R\u00e9sultats-FGYM-ind.png?resize=300%2C42 300w, https:\/\/i0.wp.com\/firminy-gym.eu\/wp-content\/uploads\/2020\/02\/R\u00e9sultats-FGYM-ind.png?resize=1024%2C145 1024w, https:\/\/i0.wp.com\/firminy-gym.eu\/wp-content\/uploads\/2020\/02\/R\u00e9sultats-FGYM-ind.png?resize=768%2C109 768w, https:\/\/i0.wp.com\/firminy-gym.eu\/wp-content\/uploads\/2020\/02\/R\u00e9sultats-FGYM-ind.png?w=1159 1159w\" sizes=\"(max-width: 300px) 100vw, 300px\" \/><\/p>\n<p><a href=\"http:\/\/firminy-gym.eu\/wp-content\/uploads\/2020\/02\/t\u00e9l\u00e9chargement.pdf\" target=\"_blank\" rel=\"noopener noreferrer\">R\u00e9gionale 8 ans GAF<\/a><\/p>\n<p><a href=\"http:\/\/firminy-gym.eu\/wp-content\/uploads\/2020\/02\/t\u00e9l\u00e9chargement-1.pdf\" target=\"_blank\" rel=\"noopener noreferrer\">F\u00e9d\u00e9rale A1 individuel 10-11 ans GAF<\/a><\/p>\n<p><a href=\"http:\/\/firminy-gym.eu\/wp-content\/uploads\/2020\/02\/t\u00e9l\u00e9chargement-2.pdf\" target=\"_blank\" rel=\"noopener noreferrer\">F\u00e9d\u00e9rale A 10-11 ans GAF<\/a><\/p>\n<p><a href=\"http:\/\/firminy-gym.eu\/wp-content\/uploads\/2020\/02\/t\u00e9l\u00e9chargement-3.pdf\" target=\"_blank\" rel=\"noopener noreferrer\">Nationale 10 ans GAF<\/a><\/p>\n","protected":false},"excerpt":{"rendered":"<p>R\u00e9sultats complets du Championnat de la Loire Individuelles \u00e0 Saint-\u00c9tienne. Bravo \u00e0 toutes, f\u00e9licitations \u00e0 nos gymnastes championnes du d\u00e9partement : Lucie Roulet (Nationale 10 [&#8230;]<\/p>\n","protected":false},"author":3,"featured_media":0,"parent":0,"menu_order":0,"comment_status":"closed","ping_status":"closed","template":"","meta":{"jetpack_post_was_ever_published":false,"footnotes":""},"categories":[],"tags":[],"class_list":["post-1373","page","type-page","status-publish","hentry"],"jetpack_sharing_enabled":true,"jetpack_shortlink":"https:\/\/wp.me\/P9pxLK-m9","publishpress_future_action":{"enabled":false,"date":"2026-04-22 01:42:45","action":"change-status","newStatus":"draft","terms":[],"taxonomy":"category"},"_links":{"self":[{"href":"http:\/\/firminy-gym.eu\/index.php\/wp-json\/wp\/v2\/pages\/1373"}],"collection":[{"href":"http:\/\/firminy-gym.eu\/index.php\/wp-json\/wp\/v2\/pages"}],"about":[{"href":"http:\/\/firminy-gym.eu\/index.php\/wp-json\/wp\/v2\/types\/page"}],"author":[{"embeddable":true,"href":"http:\/\/firminy-gym.eu\/index.php\/wp-json\/wp\/v2\/users\/3"}],"replies":[{"embeddable":true,"href":"http:\/\/firminy-gym.eu\/index.php\/wp-json\/wp\/v2\/comments?post=1373"}],"version-history":[{"count":5,"href":"http:\/\/firminy-gym.eu\/index.php\/wp-json\/wp\/v2\/pages\/1373\/revisions"}],"predecessor-version":[{"id":1432,"href":"http:\/\/firminy-gym.eu\/index.php\/wp-json\/wp\/v2\/pages\/1373\/revisions\/1432"}],"wp:attachment":[{"href":"http:\/\/firminy-gym.eu\/index.php\/wp-json\/wp\/v2\/media?parent=1373"}],"wp:term":[{"taxonomy":"category","embeddable":true,"href":"http:\/\/firminy-gym.eu\/index.php\/wp-json\/wp\/v2\/categories?post=1373"},{"taxonomy":"post_tag","embeddable":true,"href":"http:\/\/firminy-gym.eu\/index.php\/wp-json\/wp\/v2\/tags?post=1373"}],"curies":[{"name":"wp","href":"https:\/\/api.w.org\/{rel}","templated":true}]}}