{"id":1322,"date":"2019-12-14T19:52:24","date_gmt":"2019-12-14T18:52:24","guid":{"rendered":"http:\/\/firminy-gym.eu\/?page_id=1322"},"modified":"2019-12-14T19:52:24","modified_gmt":"2019-12-14T18:52:24","slug":"division-nationale-garcons","status":"publish","type":"page","link":"http:\/\/firminy-gym.eu\/index.php\/division-nationale-garcons\/","title":{"rendered":"DIVISION NATIONALE GAR\u00c7ONS"},"content":{"rendered":"<h4><strong><span style=\"color: #000080;\">Entra\u00eenements le lundi de 19H30 \u00e0 21H30, le mardi de 19H30 \u00e0 21H30,<br \/>\nle mercredi de 19H \u00e0 21H, le vendredi de 19H30 \u00e0 21H30.<br \/>\n<\/span><\/strong><br \/>\n<strong><span style=\"color: #000080;\">Moniteur: Mustapha.<br \/>\n<\/span><\/strong><br \/>\n<strong><span style=\"color: #000080;\">Gar\u00e7ons de 15 ans et plus.<\/span><\/strong><\/h4>\n<p>&nbsp;<\/p>\n","protected":false},"excerpt":{"rendered":"<p>Entra\u00eenements le lundi de 19H30 \u00e0 21H30, le mardi de 19H30 \u00e0 21H30, le mercredi de 19H \u00e0 21H, le vendredi de 19H30 \u00e0 21H30. [&#8230;]<\/p>\n","protected":false},"author":3,"featured_media":0,"parent":0,"menu_order":0,"comment_status":"closed","ping_status":"closed","template":"","meta":{"jetpack_post_was_ever_published":false,"footnotes":""},"categories":[],"tags":[],"class_list":["post-1322","page","type-page","status-publish","hentry"],"jetpack_sharing_enabled":true,"jetpack_shortlink":"https:\/\/wp.me\/P9pxLK-lk","publishpress_future_action":{"enabled":false,"date":"2026-04-15 22:35:00","action":"change-status","newStatus":"draft","terms":[],"taxonomy":"category"},"_links":{"self":[{"href":"http:\/\/firminy-gym.eu\/index.php\/wp-json\/wp\/v2\/pages\/1322"}],"collection":[{"href":"http:\/\/firminy-gym.eu\/index.php\/wp-json\/wp\/v2\/pages"}],"about":[{"href":"http:\/\/firminy-gym.eu\/index.php\/wp-json\/wp\/v2\/types\/page"}],"author":[{"embeddable":true,"href":"http:\/\/firminy-gym.eu\/index.php\/wp-json\/wp\/v2\/users\/3"}],"replies":[{"embeddable":true,"href":"http:\/\/firminy-gym.eu\/index.php\/wp-json\/wp\/v2\/comments?post=1322"}],"version-history":[{"count":2,"href":"http:\/\/firminy-gym.eu\/index.php\/wp-json\/wp\/v2\/pages\/1322\/revisions"}],"predecessor-version":[{"id":1333,"href":"http:\/\/firminy-gym.eu\/index.php\/wp-json\/wp\/v2\/pages\/1322\/revisions\/1333"}],"wp:attachment":[{"href":"http:\/\/firminy-gym.eu\/index.php\/wp-json\/wp\/v2\/media?parent=1322"}],"wp:term":[{"taxonomy":"category","embeddable":true,"href":"http:\/\/firminy-gym.eu\/index.php\/wp-json\/wp\/v2\/categories?post=1322"},{"taxonomy":"post_tag","embeddable":true,"href":"http:\/\/firminy-gym.eu\/index.php\/wp-json\/wp\/v2\/tags?post=1322"}],"curies":[{"name":"wp","href":"https:\/\/api.w.org\/{rel}","templated":true}]}}