{"id":1203,"date":"2019-10-13T17:28:34","date_gmt":"2019-10-13T15:28:34","guid":{"rendered":"http:\/\/firminy-gym.eu\/?page_id=1203"},"modified":"2019-10-13T17:28:34","modified_gmt":"2019-10-13T15:28:34","slug":"groupe-loisirs-de-manon-octobre-2019","status":"publish","type":"page","link":"http:\/\/firminy-gym.eu\/index.php\/videos\/groupe-loisirs-de-manon-octobre-2019\/","title":{"rendered":"Groupe Loisirs de Manon, octobre 2019"},"content":{"rendered":"<h4><span style=\"color: #003366;\"><em><strong>Petite vid\u00e9o d&rsquo;Emma CESAR montrant une belle progression des loisirs 2\u00e8me ann\u00e9e de gymnastique \u00e0 2 entra\u00eenements par semaine suivi par Manon.<\/p>\n<p><\/strong><\/em><\/span><\/h4>\n<div align=\"center\">\n<div style=\"width: 269px;\" class=\"wp-video\"><!--[if lt IE 9]><script>document.createElement('video');<\/script><![endif]-->\n<video class=\"wp-video-shortcode\" id=\"video-1203-1\" width=\"269\" height=\"466\" poster=\"http:\/\/firminy-gym.eu\/wp-content\/uploads\/2019\/10\/20191005_174551.png\" loop=\"1\" autoplay=\"1\" preload=\"metadata\" controls=\"controls\"><source type=\"video\/mp4\" src=\"http:\/\/firminy-gym.eu\/wp-content\/uploads\/2019\/10\/20191005_174551-3.mp4?_=1\" \/><a href=\"http:\/\/firminy-gym.eu\/wp-content\/uploads\/2019\/10\/20191005_174551-3.mp4\">http:\/\/firminy-gym.eu\/wp-content\/uploads\/2019\/10\/20191005_174551-3.mp4<\/a><\/video><\/div>\n<\/div>\n","protected":false},"excerpt":{"rendered":"<p>Petite vid\u00e9o d&rsquo;Emma CESAR montrant une belle progression des loisirs 2\u00e8me ann\u00e9e de gymnastique \u00e0 2 entra\u00eenements par semaine suivi par Manon.<\/p>\n","protected":false},"author":3,"featured_media":0,"parent":119,"menu_order":0,"comment_status":"closed","ping_status":"closed","template":"","meta":{"jetpack_post_was_ever_published":false,"footnotes":""},"categories":[],"tags":[],"class_list":["post-1203","page","type-page","status-publish","hentry"],"jetpack_sharing_enabled":true,"jetpack_shortlink":"https:\/\/wp.me\/P9pxLK-jp","publishpress_future_action":{"enabled":false,"date":"2026-05-21 11:15:33","action":"change-status","newStatus":"draft","terms":[],"taxonomy":"category"},"_links":{"self":[{"href":"http:\/\/firminy-gym.eu\/index.php\/wp-json\/wp\/v2\/pages\/1203"}],"collection":[{"href":"http:\/\/firminy-gym.eu\/index.php\/wp-json\/wp\/v2\/pages"}],"about":[{"href":"http:\/\/firminy-gym.eu\/index.php\/wp-json\/wp\/v2\/types\/page"}],"author":[{"embeddable":true,"href":"http:\/\/firminy-gym.eu\/index.php\/wp-json\/wp\/v2\/users\/3"}],"replies":[{"embeddable":true,"href":"http:\/\/firminy-gym.eu\/index.php\/wp-json\/wp\/v2\/comments?post=1203"}],"version-history":[{"count":1,"href":"http:\/\/firminy-gym.eu\/index.php\/wp-json\/wp\/v2\/pages\/1203\/revisions"}],"predecessor-version":[{"id":1204,"href":"http:\/\/firminy-gym.eu\/index.php\/wp-json\/wp\/v2\/pages\/1203\/revisions\/1204"}],"up":[{"embeddable":true,"href":"http:\/\/firminy-gym.eu\/index.php\/wp-json\/wp\/v2\/pages\/119"}],"wp:attachment":[{"href":"http:\/\/firminy-gym.eu\/index.php\/wp-json\/wp\/v2\/media?parent=1203"}],"wp:term":[{"taxonomy":"category","embeddable":true,"href":"http:\/\/firminy-gym.eu\/index.php\/wp-json\/wp\/v2\/categories?post=1203"},{"taxonomy":"post_tag","embeddable":true,"href":"http:\/\/firminy-gym.eu\/index.php\/wp-json\/wp\/v2\/tags?post=1203"}],"curies":[{"name":"wp","href":"https:\/\/api.w.org\/{rel}","templated":true}]}}