{"id":1063,"date":"2019-10-04T09:48:06","date_gmt":"2019-10-04T07:48:06","guid":{"rendered":"http:\/\/firminy-gym.eu\/?page_id=1063"},"modified":"2024-08-22T15:56:24","modified_gmt":"2024-08-22T13:56:24","slug":"equipe-technique","status":"publish","type":"page","link":"http:\/\/firminy-gym.eu\/index.php\/informations-pratiques\/equipe-technique\/","title":{"rendered":"\u00c9quipe technique"},"content":{"rendered":"<table style=\"text-align: left; width: 100%;\" border=\"0\" cellspacing=\"2\" cellpadding=\"2\">\n<tbody>\n<tr>\n<td style=\"vertical-align: top;\"><\/td>\n<td style=\"vertical-align: top;\"><em><strong>L&rsquo;\u00e9quipe technique :<\/strong><\/em><br \/>\n<em>Nasser Zeddoun, Emmanuel Billon, H\u00e9l\u00e8ne Rocher, Laurent<br \/>\nSapey, No\u00ebl Sokoudjou, Coline Piccolo, Marie-Ana\u00efs Mourier, Elise<br \/>\nVincent, Fabrice Sauveterre, Jean-Fran\u00e7ois Archier, Noha Zeddoun,<br \/>\nMalaury Poinas, Stella Redon, C\u00e9line Dumillier, Laurane Dubard, L\u00e9onie Dubard et Elise se Saint-L\u00e9ger.<br \/>\n<\/em><\/td>\n<\/tr>\n<tr>\n<td style=\"vertical-align: top;\"><\/td>\n<td style=\"vertical-align: top;\"><\/td>\n<\/tr>\n<tr>\n<td style=\"vertical-align: top;\"><a href=\"https:\/\/i0.wp.com\/firminy-gym.eu\/wp-content\/uploads\/2019\/10\/Nasser.jpg\" target=\"_blank\" rel=\"noopener noreferrer\"><img data-recalc-dims=\"1\" loading=\"lazy\" decoding=\"async\" class=\"alignnone wp-image-1054\" title=\"Nasser Zeddoun\" src=\"https:\/\/i0.wp.com\/firminy-gym.eu\/wp-content\/uploads\/2019\/10\/Nasser.jpg?resize=169%2C301\" alt=\"Nasser Zeddoun\" width=\"169\" height=\"301\" srcset=\"https:\/\/i0.wp.com\/firminy-gym.eu\/wp-content\/uploads\/2019\/10\/Nasser.jpg?resize=169%2C300 169w, https:\/\/i0.wp.com\/firminy-gym.eu\/wp-content\/uploads\/2019\/10\/Nasser.jpg?resize=768%2C1366 768w, https:\/\/i0.wp.com\/firminy-gym.eu\/wp-content\/uploads\/2019\/10\/Nasser.jpg?resize=576%2C1024 576w, https:\/\/i0.wp.com\/firminy-gym.eu\/wp-content\/uploads\/2019\/10\/Nasser.jpg?w=899 899w\" sizes=\"(max-width: 169px) 100vw, 169px\" \/><\/a><\/td>\n<td style=\"vertical-align: top; font-weight: bold;\">Nasser Zeddoun,<br \/>\n<span style=\"font-weight: normal;\">diplom\u00e9 d\u2019un Brevet d\u2019Etat d\u2019Educateur Sportif 1 en activit\u00e9s physiques pour tous<br \/>\net Moniteur F\u00e9d\u00e9ral.<\/span><\/td>\n<\/tr>\n<tr>\n<td style=\"vertical-align: top;\"><a href=\"https:\/\/i0.wp.com\/firminy-gym.eu\/wp-content\/uploads\/2019\/10\/Manu.jpg\" target=\"_blank\" rel=\"noopener\"><img data-recalc-dims=\"1\" loading=\"lazy\" decoding=\"async\" class=\"alignnone wp-image-1056 size-medium\" src=\"https:\/\/i0.wp.com\/firminy-gym.eu\/wp-content\/uploads\/2019\/10\/Manu.jpg?resize=169%2C300\" alt=\"\" width=\"169\" height=\"300\" srcset=\"https:\/\/i0.wp.com\/firminy-gym.eu\/wp-content\/uploads\/2019\/10\/Manu.jpg?resize=169%2C300 169w, https:\/\/i0.wp.com\/firminy-gym.eu\/wp-content\/uploads\/2019\/10\/Manu.jpg?resize=768%2C1366 768w, https:\/\/i0.wp.com\/firminy-gym.eu\/wp-content\/uploads\/2019\/10\/Manu.jpg?resize=576%2C1024 576w, https:\/\/i0.wp.com\/firminy-gym.eu\/wp-content\/uploads\/2019\/10\/Manu.jpg?w=899 899w\" sizes=\"(max-width: 169px) 100vw, 169px\" \/><\/a><\/td>\n<td style=\"vertical-align: top;\"><strong><br \/>\nEmmanuel Billon,<br \/>\n<\/strong>diplom\u00e9 d&rsquo;un Master Education et Formation, d&rsquo;un Certificat de<br \/>\nQualification Professionnelle mention acrobatique<br \/>\net Moniteur F\u00e9d\u00e9ral.<\/td>\n<\/tr>\n<tr>\n<td style=\"vertical-align: top;\"><a href=\"https:\/\/i0.wp.com\/firminy-gym.eu\/wp-content\/uploads\/2019\/10\/H\u00e9l\u00e8ne.jpg\" target=\"_blank\" rel=\"noopener\"><img data-recalc-dims=\"1\" loading=\"lazy\" decoding=\"async\" class=\"alignnone wp-image-1058 size-medium\" src=\"https:\/\/i0.wp.com\/firminy-gym.eu\/wp-content\/uploads\/2019\/10\/H\u00e9l\u00e8ne.jpg?resize=169%2C300\" alt=\"\" width=\"169\" height=\"300\" srcset=\"https:\/\/i0.wp.com\/firminy-gym.eu\/wp-content\/uploads\/2019\/10\/H\u00e9l\u00e8ne.jpg?resize=169%2C300 169w, https:\/\/i0.wp.com\/firminy-gym.eu\/wp-content\/uploads\/2019\/10\/H\u00e9l\u00e8ne.jpg?resize=768%2C1366 768w, https:\/\/i0.wp.com\/firminy-gym.eu\/wp-content\/uploads\/2019\/10\/H\u00e9l\u00e8ne.jpg?resize=576%2C1024 576w, https:\/\/i0.wp.com\/firminy-gym.eu\/wp-content\/uploads\/2019\/10\/H\u00e9l\u00e8ne.jpg?w=899 899w\" sizes=\"(max-width: 169px) 100vw, 169px\" \/><\/a><\/td>\n<td style=\"vertical-align: top;\"><strong>H\u00e9l\u00e8ne Rocher,<\/strong><\/td>\n<\/tr>\n<tr>\n<td style=\"vertical-align: top;\"><a href=\"https:\/\/i0.wp.com\/firminy-gym.eu\/wp-content\/uploads\/2019\/11\/DSC_0066-e1574245357322.jpg\" target=\"_blank\" rel=\"noopener noreferrer\"><img data-recalc-dims=\"1\" loading=\"lazy\" decoding=\"async\" class=\"alignnone wp-image-1253 size-medium\" src=\"https:\/\/i0.wp.com\/firminy-gym.eu\/wp-content\/uploads\/2019\/11\/DSC_0066-e1574245357322-169x300.jpg?resize=169%2C300\" alt=\"\" width=\"169\" height=\"300\" srcset=\"https:\/\/i0.wp.com\/firminy-gym.eu\/wp-content\/uploads\/2019\/11\/DSC_0066-e1574245357322.jpg?resize=169%2C300 169w, https:\/\/i0.wp.com\/firminy-gym.eu\/wp-content\/uploads\/2019\/11\/DSC_0066-e1574245357322.jpg?resize=768%2C1365 768w, https:\/\/i0.wp.com\/firminy-gym.eu\/wp-content\/uploads\/2019\/11\/DSC_0066-e1574245357322.jpg?resize=576%2C1024 576w, https:\/\/i0.wp.com\/firminy-gym.eu\/wp-content\/uploads\/2019\/11\/DSC_0066-e1574245357322.jpg?w=1720 1720w\" sizes=\"(max-width: 169px) 100vw, 169px\" \/><\/a><\/td>\n<td style=\"vertical-align: top;\"><strong>Laurent Sapey,<\/strong><\/td>\n<\/tr>\n<tr>\n<td style=\"vertical-align: top;\"><img data-recalc-dims=\"1\" loading=\"lazy\" decoding=\"async\" class=\"alignnone size-full wp-image-3938\" src=\"https:\/\/i0.wp.com\/firminy-gym.eu\/wp-content\/uploads\/2024\/08\/noel.png?resize=165%2C165\" alt=\"\" width=\"165\" height=\"165\" srcset=\"https:\/\/i0.wp.com\/firminy-gym.eu\/wp-content\/uploads\/2024\/08\/noel.png?w=165 165w, https:\/\/i0.wp.com\/firminy-gym.eu\/wp-content\/uploads\/2024\/08\/noel.png?resize=150%2C150 150w\" sizes=\"(max-width: 165px) 100vw, 165px\" \/><\/td>\n<td style=\"vertical-align: top;\"><span style=\"font-weight: bold;\">No\u00ebl Sokoudjou,<\/span><\/td>\n<\/tr>\n<tr>\n<td style=\"vertical-align: top;\"><img data-recalc-dims=\"1\" loading=\"lazy\" decoding=\"async\" class=\"size-full wp-image-1175 aligncenter\" src=\"https:\/\/i0.wp.com\/firminy-gym.eu\/wp-content\/uploads\/2019\/10\/inconnue.png?resize=84%2C110\" alt=\"\" width=\"84\" height=\"110\" \/><\/td>\n<td style=\"vertical-align: top; font-weight: bold;\">Coline Piccolo,<\/td>\n<\/tr>\n<tr>\n<td style=\"vertical-align: top;\"><img data-recalc-dims=\"1\" loading=\"lazy\" decoding=\"async\" class=\"alignnone wp-image-3939 size-full\" src=\"https:\/\/i0.wp.com\/firminy-gym.eu\/wp-content\/uploads\/2024\/08\/marie-anais.png?resize=146%2C142\" alt=\"\" width=\"146\" height=\"142\" \/><\/td>\n<td style=\"vertical-align: top; font-weight: bold;\">Marie-Ana\u00efs Mourier,<\/td>\n<\/tr>\n<tr>\n<td style=\"vertical-align: top;\"><img data-recalc-dims=\"1\" loading=\"lazy\" decoding=\"async\" class=\"size-full wp-image-1175 aligncenter\" src=\"https:\/\/i0.wp.com\/firminy-gym.eu\/wp-content\/uploads\/2019\/10\/inconnue.png?resize=84%2C110\" alt=\"\" width=\"84\" height=\"110\" \/><\/td>\n<td style=\"vertical-align: top; font-weight: bold;\">\u00c9lise Vincent,<\/td>\n<\/tr>\n<tr>\n<td style=\"vertical-align: top;\"><img data-recalc-dims=\"1\" loading=\"lazy\" decoding=\"async\" class=\"size-full wp-image-1174 aligncenter\" src=\"https:\/\/i0.wp.com\/firminy-gym.eu\/wp-content\/uploads\/2019\/10\/inconnu.png?resize=81%2C109\" alt=\"\" width=\"81\" height=\"109\" \/><\/td>\n<td style=\"vertical-align: top; font-weight: bold;\">Fabrice Sauveterre,<\/td>\n<\/tr>\n<tr>\n<td style=\"vertical-align: top;\"><img data-recalc-dims=\"1\" loading=\"lazy\" decoding=\"async\" class=\"size-full wp-image-1174 aligncenter\" src=\"https:\/\/i0.wp.com\/firminy-gym.eu\/wp-content\/uploads\/2019\/10\/inconnu.png?resize=81%2C109\" alt=\"\" width=\"81\" height=\"109\" \/><\/td>\n<td style=\"vertical-align: top; font-weight: bold;\">Jean-Fran\u00e7ois Archier,<\/td>\n<\/tr>\n<tr>\n<td style=\"vertical-align: top;\"><img data-recalc-dims=\"1\" loading=\"lazy\" decoding=\"async\" class=\"size-full wp-image-1175 aligncenter\" src=\"https:\/\/i0.wp.com\/firminy-gym.eu\/wp-content\/uploads\/2019\/10\/inconnue.png?resize=84%2C110\" alt=\"\" width=\"84\" height=\"110\" \/><\/td>\n<td style=\"vertical-align: top; font-weight: bold;\">Noha Zeddoun,<\/td>\n<\/tr>\n<tr>\n<td style=\"vertical-align: top;\"><img data-recalc-dims=\"1\" loading=\"lazy\" decoding=\"async\" class=\"size-full wp-image-1175 aligncenter\" src=\"https:\/\/i0.wp.com\/firminy-gym.eu\/wp-content\/uploads\/2019\/10\/inconnue.png?resize=84%2C110\" alt=\"\" width=\"84\" height=\"110\" \/><\/td>\n<td style=\"vertical-align: top; font-weight: bold;\">Malaury Poinas,<\/td>\n<\/tr>\n<tr>\n<td style=\"vertical-align: top;\"><img data-recalc-dims=\"1\" loading=\"lazy\" decoding=\"async\" class=\"size-full wp-image-1175 aligncenter\" src=\"https:\/\/i0.wp.com\/firminy-gym.eu\/wp-content\/uploads\/2019\/10\/inconnue.png?resize=84%2C110\" alt=\"\" width=\"84\" height=\"110\" \/><\/td>\n<td style=\"vertical-align: top; font-weight: bold;\">Stella Redon,<\/td>\n<\/tr>\n<tr>\n<td style=\"vertical-align: top;\"><img data-recalc-dims=\"1\" loading=\"lazy\" decoding=\"async\" class=\"size-full wp-image-1175 aligncenter\" src=\"https:\/\/i0.wp.com\/firminy-gym.eu\/wp-content\/uploads\/2019\/10\/inconnue.png?resize=84%2C110\" alt=\"\" width=\"84\" height=\"110\" \/><\/td>\n<td style=\"vertical-align: top; font-weight: bold;\">C\u00e9line Dumillier,<\/td>\n<\/tr>\n<tr>\n<td style=\"vertical-align: top;\"><img data-recalc-dims=\"1\" loading=\"lazy\" decoding=\"async\" class=\"size-full wp-image-1175 aligncenter\" src=\"https:\/\/i0.wp.com\/firminy-gym.eu\/wp-content\/uploads\/2019\/10\/inconnue.png?resize=84%2C110\" alt=\"\" width=\"84\" height=\"110\" \/><\/td>\n<td style=\"vertical-align: top; font-weight: bold;\">Laurane Dubard,<\/td>\n<\/tr>\n<tr>\n<td style=\"vertical-align: top;\"><img data-recalc-dims=\"1\" loading=\"lazy\" decoding=\"async\" class=\"size-full wp-image-1175 aligncenter\" src=\"https:\/\/i0.wp.com\/firminy-gym.eu\/wp-content\/uploads\/2019\/10\/inconnue.png?resize=84%2C110\" alt=\"\" width=\"84\" height=\"110\" \/><\/td>\n<td style=\"vertical-align: top; font-weight: bold;\">L\u00e9onie Dubard,<\/td>\n<\/tr>\n<tr>\n<td style=\"vertical-align: top;\"><img data-recalc-dims=\"1\" loading=\"lazy\" decoding=\"async\" class=\"size-full wp-image-1175 aligncenter\" src=\"https:\/\/i0.wp.com\/firminy-gym.eu\/wp-content\/uploads\/2019\/10\/inconnue.png?resize=84%2C110\" alt=\"\" width=\"84\" height=\"110\" \/><\/td>\n<td style=\"vertical-align: top; font-weight: bold;\">\u00c9lise de Saint-L\u00e9ger,<\/td>\n<\/tr>\n<\/tbody>\n<\/table>\n","protected":false},"excerpt":{"rendered":"<p>L&rsquo;\u00e9quipe technique : Nasser Zeddoun, Emmanuel Billon, H\u00e9l\u00e8ne Rocher, Laurent Sapey, No\u00ebl Sokoudjou, Coline Piccolo, Marie-Ana\u00efs Mourier, Elise Vincent, Fabrice Sauveterre, Jean-Fran\u00e7ois Archier, Noha Zeddoun, [&#8230;]<\/p>\n","protected":false},"author":3,"featured_media":0,"parent":21,"menu_order":0,"comment_status":"closed","ping_status":"closed","template":"","meta":{"jetpack_post_was_ever_published":false,"footnotes":""},"categories":[],"tags":[],"class_list":["post-1063","page","type-page","status-publish","hentry"],"jetpack_sharing_enabled":true,"jetpack_shortlink":"https:\/\/wp.me\/P9pxLK-h9","publishpress_future_action":{"enabled":false,"date":"2026-05-21 11:09:29","action":"change-status","newStatus":"draft","terms":[],"taxonomy":"category"},"_links":{"self":[{"href":"http:\/\/firminy-gym.eu\/index.php\/wp-json\/wp\/v2\/pages\/1063"}],"collection":[{"href":"http:\/\/firminy-gym.eu\/index.php\/wp-json\/wp\/v2\/pages"}],"about":[{"href":"http:\/\/firminy-gym.eu\/index.php\/wp-json\/wp\/v2\/types\/page"}],"author":[{"embeddable":true,"href":"http:\/\/firminy-gym.eu\/index.php\/wp-json\/wp\/v2\/users\/3"}],"replies":[{"embeddable":true,"href":"http:\/\/firminy-gym.eu\/index.php\/wp-json\/wp\/v2\/comments?post=1063"}],"version-history":[{"count":35,"href":"http:\/\/firminy-gym.eu\/index.php\/wp-json\/wp\/v2\/pages\/1063\/revisions"}],"predecessor-version":[{"id":3940,"href":"http:\/\/firminy-gym.eu\/index.php\/wp-json\/wp\/v2\/pages\/1063\/revisions\/3940"}],"up":[{"embeddable":true,"href":"http:\/\/firminy-gym.eu\/index.php\/wp-json\/wp\/v2\/pages\/21"}],"wp:attachment":[{"href":"http:\/\/firminy-gym.eu\/index.php\/wp-json\/wp\/v2\/media?parent=1063"}],"wp:term":[{"taxonomy":"category","embeddable":true,"href":"http:\/\/firminy-gym.eu\/index.php\/wp-json\/wp\/v2\/categories?post=1063"},{"taxonomy":"post_tag","embeddable":true,"href":"http:\/\/firminy-gym.eu\/index.php\/wp-json\/wp\/v2\/tags?post=1063"}],"curies":[{"name":"wp","href":"https:\/\/api.w.org\/{rel}","templated":true}]}}